{"id":54,"date":"2016-02-10T09:59:01","date_gmt":"2016-02-10T08:59:01","guid":{"rendered":"http:\/\/www.anarieldesign.com\/themedemos\/pena\/?page_id=54"},"modified":"2022-11-27T20:05:32","modified_gmt":"2022-11-27T19:05:32","slug":"welcome","status":"publish","type":"page","link":"https:\/\/www.focuscongo.com\/en\/welcome\/","title":{"rendered":"Hope for Congo"},"content":{"rendered":"<div data-elementor-type=\"wp-post\" data-elementor-id=\"54\" class=\"elementor elementor-54\" data-elementor-post-type=\"page\">\n\t\t\t\t\t\t\t\t\t<section class=\"elementor-section elementor-top-section elementor-element elementor-element-71d2 elementor-section-boxed elementor-section-height-default elementor-section-height-default\" data-id=\"71d2\" data-element_type=\"section\">\n\t\t\t\t\t\t<div class=\"elementor-container elementor-column-gap-default\">\n\t\t\t\t\t<div class=\"elementor-column elementor-col-100 elementor-top-column elementor-element elementor-element-3af5\" data-id=\"3af5\" data-element_type=\"column\">\n\t\t\t<div class=\"elementor-widget-wrap elementor-element-populated\">\n\t\t\t\t\t\t\t\t<div class=\"elementor-element elementor-element-7993 elementor-widget elementor-widget-text-editor\" data-id=\"7993\" data-element_type=\"widget\" data-widget_type=\"text-editor.default\">\n\t\t\t\t<div class=\"elementor-widget-container\">\n\t\t\t\t\t\t\t<p class=\"p1\">Focus Congo exists to see hope and redemption arise within the people of the Democratic Republic of Congo. We see a radiant and peaceful Congo with enormous opportunities for social and economic development. We see Congolese people transformed to be able to fulfil their God given destiny.<\/p>\t\t\t\t\t\t<\/div>\n\t\t\t\t<\/div>\n\t\t\t\t\t<\/div>\n\t\t<\/div>\n\t\t\t\t\t\t\t<\/div>\n\t\t<\/section>\n\t\t\t\t<section class=\"elementor-section elementor-top-section elementor-element elementor-element-878bd14 elementor-section-boxed elementor-section-height-default elementor-section-height-default\" data-id=\"878bd14\" data-element_type=\"section\">\n\t\t\t\t\t\t<div class=\"elementor-container elementor-column-gap-default\">\n\t\t\t\t\t<div class=\"elementor-column elementor-col-33 elementor-top-column elementor-element elementor-element-39f2dc7\" data-id=\"39f2dc7\" data-element_type=\"column\">\n\t\t\t<div class=\"elementor-widget-wrap elementor-element-populated\">\n\t\t\t\t\t\t\t\t<div class=\"elementor-element elementor-element-238c21c elementor-widget elementor-widget-image\" data-id=\"238c21c\" data-element_type=\"widget\" data-widget_type=\"image.default\">\n\t\t\t\t<div class=\"elementor-widget-container\">\n\t\t\t\t\t\t\t\t\t\t\t\t\t\t\t\t<a href=\"https:\/\/www.focuscongo.com\/en\/ueber-uns\/\">\n\t\t\t\t\t\t\t<img decoding=\"async\" src=\"https:\/\/www.focuscongo.com\/wp-content\/uploads\/elementor\/thumbs\/child-behind-curtain-in-congo-py3pusq4yz42th6fhzory42updbomm0cu6686521fc.png\" title=\"child-behind-curtain-in-congo\" alt=\"child-behind-curtain-in-congo\" loading=\"lazy\" \/>\t\t\t\t\t\t\t\t<\/a>\n\t\t\t\t\t\t\t\t\t\t\t\t\t\t\t<\/div>\n\t\t\t\t<\/div>\n\t\t\t\t<div class=\"elementor-element elementor-element-82fe40d elementor-widget elementor-widget-heading\" data-id=\"82fe40d\" data-element_type=\"widget\" data-widget_type=\"heading.default\">\n\t\t\t\t<div class=\"elementor-widget-container\">\n\t\t\t<h3 class=\"elementor-heading-title elementor-size-default\"><a href=\"https:\/\/www.focuscongo.com\/en\/ueber-uns\/\">About<\/a><\/h3>\t\t<\/div>\n\t\t\t\t<\/div>\n\t\t\t\t<div class=\"elementor-element elementor-element-6e29af9 elementor-widget elementor-widget-text-editor\" data-id=\"6e29af9\" data-element_type=\"widget\" data-widget_type=\"text-editor.default\">\n\t\t\t\t<div class=\"elementor-widget-container\">\n\t\t\t\t\t\t\t<p class=\"p1\">Focus Congo is a young organization with volunteers from all over the world, united by a passion for Congo.<\/p>\t\t\t\t\t\t<\/div>\n\t\t\t\t<\/div>\n\t\t\t\t\t<\/div>\n\t\t<\/div>\n\t\t\t\t<div class=\"elementor-column elementor-col-33 elementor-top-column elementor-element elementor-element-862cf0f\" data-id=\"862cf0f\" data-element_type=\"column\">\n\t\t\t<div class=\"elementor-widget-wrap elementor-element-populated\">\n\t\t\t\t\t\t\t\t<div class=\"elementor-element elementor-element-803f006 elementor-widget elementor-widget-image\" data-id=\"803f006\" data-element_type=\"widget\" data-widget_type=\"image.default\">\n\t\t\t\t<div class=\"elementor-widget-container\">\n\t\t\t\t\t\t\t\t\t\t\t\t\t\t\t\t<a href=\"https:\/\/www.focuscongo.com\/en\/projekte\/\">\n\t\t\t\t\t\t\t<img decoding=\"async\" src=\"https:\/\/www.focuscongo.com\/wp-content\/uploads\/elementor\/thumbs\/sponsored-girl-in-school-in-congo-py3puvjnjh7xsb2c1iwnnld8hixs9pbjuk4olyxuwo.png\" title=\"sponsored-girl-in-school-in-congo\" alt=\"sponsored-girl-in-school-in-congo\" loading=\"lazy\" \/>\t\t\t\t\t\t\t\t<\/a>\n\t\t\t\t\t\t\t\t\t\t\t\t\t\t\t<\/div>\n\t\t\t\t<\/div>\n\t\t\t\t<div class=\"elementor-element elementor-element-dcd621b elementor-widget elementor-widget-heading\" data-id=\"dcd621b\" data-element_type=\"widget\" data-widget_type=\"heading.default\">\n\t\t\t\t<div class=\"elementor-widget-container\">\n\t\t\t<h3 class=\"elementor-heading-title elementor-size-default\"><a href=\"https:\/\/www.focuscongo.com\/en\/projekte\/\">Projects<\/a><\/h3>\t\t<\/div>\n\t\t\t\t<\/div>\n\t\t\t\t<div class=\"elementor-element elementor-element-f11def5 elementor-widget elementor-widget-text-editor\" data-id=\"f11def5\" data-element_type=\"widget\" data-widget_type=\"text-editor.default\">\n\t\t\t\t<div class=\"elementor-widget-container\">\n\t\t\t\t\t\t\t<p class=\"p1\">We discover and promote young Congolese talents, give a voice to the voiceless and provide help in greatest need.<\/p>\t\t\t\t\t\t<\/div>\n\t\t\t\t<\/div>\n\t\t\t\t\t<\/div>\n\t\t<\/div>\n\t\t\t\t<div class=\"elementor-column elementor-col-33 elementor-top-column elementor-element elementor-element-846ef55\" data-id=\"846ef55\" data-element_type=\"column\">\n\t\t\t<div class=\"elementor-widget-wrap elementor-element-populated\">\n\t\t\t\t\t\t\t\t<div class=\"elementor-element elementor-element-4042de1 elementor-widget elementor-widget-image\" data-id=\"4042de1\" data-element_type=\"widget\" data-widget_type=\"image.default\">\n\t\t\t\t<div class=\"elementor-widget-container\">\n\t\t\t\t\t\t\t\t\t\t\t\t\t\t\t\t<a href=\"https:\/\/www.focuscongo.com\/en\/unterstuetzen\/\">\n\t\t\t\t\t\t\t<img decoding=\"async\" src=\"https:\/\/www.focuscongo.com\/wp-content\/uploads\/elementor\/thumbs\/outreach-in-bukavu-py3puvjnjh7xsb2c1iwnnld8hixs9pbjuk4olyxuwo.png\" title=\"outreach in bukavu\" alt=\"outreach in bukavu\" loading=\"lazy\" \/>\t\t\t\t\t\t\t\t<\/a>\n\t\t\t\t\t\t\t\t\t\t\t\t\t\t\t<\/div>\n\t\t\t\t<\/div>\n\t\t\t\t<div class=\"elementor-element elementor-element-13e759a elementor-widget elementor-widget-heading\" data-id=\"13e759a\" data-element_type=\"widget\" data-widget_type=\"heading.default\">\n\t\t\t\t<div class=\"elementor-widget-container\">\n\t\t\t<h3 class=\"elementor-heading-title elementor-size-default\"><a href=\"https:\/\/www.focuscongo.com\/en\/unterstuetzen\/\">Get Involved<\/a><\/h3>\t\t<\/div>\n\t\t\t\t<\/div>\n\t\t\t\t<div class=\"elementor-element elementor-element-ce437b3 elementor-widget elementor-widget-text-editor\" data-id=\"ce437b3\" data-element_type=\"widget\" data-widget_type=\"text-editor.default\">\n\t\t\t\t<div class=\"elementor-widget-container\">\n\t\t\t\t\t\t\t<p class=\"p1\">We are dynamic and strive for growth and development. We love to network and welcome partnerships and sponsors.<\/p>\t\t\t\t\t\t<\/div>\n\t\t\t\t<\/div>\n\t\t\t\t\t<\/div>\n\t\t<\/div>\n\t\t\t\t\t\t\t<\/div>\n\t\t<\/section>\n\t\t\t\t\t\t\t<\/div>","protected":false},"excerpt":{"rendered":"<p>Focus Congo m\u00f6chte, dass Menschen im Kongo Hoffnung erleben und ihre von Gott gegebene Bestimmung finden. Wir sehen enormes und vielf\u00e4ltiges Potential in diesem wundersch\u00f6nen Land und seiner Bev\u00f6lkerung. \u00dcber uns Focus Congo ist eine junge Organisation mit ehrenamtlichen Mitarbeitern aus aller Welt, vereint mit einer Leidenschaft f\u00fcr Kongo. Projekte Wir entdecken und f\u00f6rdern junge&#8230;<a class=\"excerpt-link\" href=\"https:\/\/www.focuscongo.com\/en\/welcome\/\">Continue reading <span class=\"screen-reader-text\">Hope for Congo<\/span> <span class=\"meta-nav\" aria-hidden=\"true\">\u2192<\/span><\/a><\/p>","protected":false},"author":1,"featured_media":0,"parent":0,"menu_order":101,"comment_status":"closed","ping_status":"closed","template":"","meta":{"footnotes":""},"folder":[28],"_links":{"self":[{"href":"https:\/\/www.focuscongo.com\/en\/wp-json\/wp\/v2\/pages\/54"}],"collection":[{"href":"https:\/\/www.focuscongo.com\/en\/wp-json\/wp\/v2\/pages"}],"about":[{"href":"https:\/\/www.focuscongo.com\/en\/wp-json\/wp\/v2\/types\/page"}],"author":[{"embeddable":true,"href":"https:\/\/www.focuscongo.com\/en\/wp-json\/wp\/v2\/users\/1"}],"replies":[{"embeddable":true,"href":"https:\/\/www.focuscongo.com\/en\/wp-json\/wp\/v2\/comments?post=54"}],"version-history":[{"count":51,"href":"https:\/\/www.focuscongo.com\/en\/wp-json\/wp\/v2\/pages\/54\/revisions"}],"predecessor-version":[{"id":6275,"href":"https:\/\/www.focuscongo.com\/en\/wp-json\/wp\/v2\/pages\/54\/revisions\/6275"}],"wp:attachment":[{"href":"https:\/\/www.focuscongo.com\/en\/wp-json\/wp\/v2\/media?parent=54"}],"wp:term":[{"taxonomy":"folder","embeddable":true,"href":"https:\/\/www.focuscongo.com\/en\/wp-json\/wp\/v2\/folder?post=54"}],"curies":[{"name":"wp","href":"https:\/\/api.w.org\/{rel}","templated":true}]}}