{"id":337,"date":"2016-02-24T12:10:26","date_gmt":"2016-02-24T11:10:26","guid":{"rendered":"http:\/\/www.anarieldesign.com\/themedemos\/pena\/?page_id=337"},"modified":"2022-09-02T23:13:38","modified_gmt":"2022-09-02T21:13:38","slug":"unsere-geschichte","status":"publish","type":"page","link":"https:\/\/www.focuscongo.com\/es\/unsere-geschichte\/","title":{"rendered":"La historia detr\u00e1s de Focus Congo"},"content":{"rendered":"<p>Comenz\u00f3 un d\u00eda cuando nuestro fundador Pappy Orion emprendi\u00f3 un viaje muy largo cuando era ni\u00f1o... Un viaje que le rompi\u00f3 el coraz\u00f3n y, sin embargo, finalmente lo condujo a la curaci\u00f3n, la restauraci\u00f3n y la reconciliaci\u00f3n.<\/p>\n<p><a class=\"lila\" href=\"https:\/\/www.focuscongo.com\/es\/ueber-uns\/geschichte\/\" target=\"_blank\" rel=\"noopener\">Aprende m\u00e1s<\/a><\/p>","protected":false},"excerpt":{"rendered":"<p>Es begann eines Tages, als unser Gr\u00fcnder Pappy Orion sich als Kind auf eine sehr lange Reise begab\u2026 Eine Reise, die ihm das Herz brach und doch am Ende zu Heilung, Wiederherstellung und Vers\u00f6hnung f\u00fchrte. Mehr erfahren<\/p>","protected":false},"author":1,"featured_media":2342,"parent":0,"menu_order":15,"comment_status":"closed","ping_status":"closed","template":"","meta":{"footnotes":""},"folder":[61],"_links":{"self":[{"href":"https:\/\/www.focuscongo.com\/es\/wp-json\/wp\/v2\/pages\/337"}],"collection":[{"href":"https:\/\/www.focuscongo.com\/es\/wp-json\/wp\/v2\/pages"}],"about":[{"href":"https:\/\/www.focuscongo.com\/es\/wp-json\/wp\/v2\/types\/page"}],"author":[{"embeddable":true,"href":"https:\/\/www.focuscongo.com\/es\/wp-json\/wp\/v2\/users\/1"}],"replies":[{"embeddable":true,"href":"https:\/\/www.focuscongo.com\/es\/wp-json\/wp\/v2\/comments?post=337"}],"version-history":[{"count":11,"href":"https:\/\/www.focuscongo.com\/es\/wp-json\/wp\/v2\/pages\/337\/revisions"}],"predecessor-version":[{"id":6217,"href":"https:\/\/www.focuscongo.com\/es\/wp-json\/wp\/v2\/pages\/337\/revisions\/6217"}],"wp:featuredmedia":[{"embeddable":true,"href":"https:\/\/www.focuscongo.com\/es\/wp-json\/wp\/v2\/media\/2342"}],"wp:attachment":[{"href":"https:\/\/www.focuscongo.com\/es\/wp-json\/wp\/v2\/media?parent=337"}],"wp:term":[{"taxonomy":"folder","embeddable":true,"href":"https:\/\/www.focuscongo.com\/es\/wp-json\/wp\/v2\/folder?post=337"}],"curies":[{"name":"wp","href":"https:\/\/api.w.org\/{rel}","templated":true}]}}