{"id":366,"date":"2016-02-24T12:58:51","date_gmt":"2016-02-24T11:58:51","guid":{"rendered":"http:\/\/www.anarieldesign.com\/themedemos\/pena\/?page_id=366"},"modified":"2022-09-02T23:27:15","modified_gmt":"2022-09-02T21:27:15","slug":"warum-kongo","status":"publish","type":"page","link":"https:\/\/www.focuscongo.com\/es\/warum-kongo\/","title":{"rendered":"\u00bfPor qu\u00e9 Congo?"},"content":{"rendered":"<p>En la Rep\u00fablica Democr\u00e1tica del Congo hay mucho m\u00e1s que conflicto, desesperaci\u00f3n y destrucci\u00f3n. \u00a1Vemos esperanza y belleza en la naci\u00f3n y su gente!<\/p>\n<p><a class=\"lila\" href=\"https:\/\/wp.focuscongo.com\/ueber-uns\/kongo\">M\u00e1s sobre la Rep\u00fablica Democr\u00e1tica del Congo<\/a><\/p>","protected":false},"excerpt":{"rendered":"<p>Es steckt mehr in der Demokratischen Republik Kongo als nur Konflikte, Verzweiflung und Zerst\u00f6rung. Wir sehen Hoffnung und Sch\u00f6nheit in der Nation und seinen Menschen! Mehr \u00fcber die DR Kongo<\/p>","protected":false},"author":1,"featured_media":3826,"parent":0,"menu_order":25,"comment_status":"closed","ping_status":"closed","template":"","meta":{"footnotes":""},"folder":[61],"_links":{"self":[{"href":"https:\/\/www.focuscongo.com\/es\/wp-json\/wp\/v2\/pages\/366"}],"collection":[{"href":"https:\/\/www.focuscongo.com\/es\/wp-json\/wp\/v2\/pages"}],"about":[{"href":"https:\/\/www.focuscongo.com\/es\/wp-json\/wp\/v2\/types\/page"}],"author":[{"embeddable":true,"href":"https:\/\/www.focuscongo.com\/es\/wp-json\/wp\/v2\/users\/1"}],"replies":[{"embeddable":true,"href":"https:\/\/www.focuscongo.com\/es\/wp-json\/wp\/v2\/comments?post=366"}],"version-history":[{"count":9,"href":"https:\/\/www.focuscongo.com\/es\/wp-json\/wp\/v2\/pages\/366\/revisions"}],"predecessor-version":[{"id":6235,"href":"https:\/\/www.focuscongo.com\/es\/wp-json\/wp\/v2\/pages\/366\/revisions\/6235"}],"wp:featuredmedia":[{"embeddable":true,"href":"https:\/\/www.focuscongo.com\/es\/wp-json\/wp\/v2\/media\/3826"}],"wp:attachment":[{"href":"https:\/\/www.focuscongo.com\/es\/wp-json\/wp\/v2\/media?parent=366"}],"wp:term":[{"taxonomy":"folder","embeddable":true,"href":"https:\/\/www.focuscongo.com\/es\/wp-json\/wp\/v2\/folder?post=366"}],"curies":[{"name":"wp","href":"https:\/\/api.w.org\/{rel}","templated":true}]}}