{"id":4476,"date":"2022-06-02T14:34:34","date_gmt":"2022-06-02T12:34:34","guid":{"rendered":"https:\/\/www.focuscongo.com\/?page_id=4476"},"modified":"2022-09-04T16:50:30","modified_gmt":"2022-09-04T14:50:30","slug":"projekte","status":"publish","type":"page","link":"https:\/\/www.focuscongo.com\/es\/projekte\/","title":{"rendered":"Proyectos"},"content":{"rendered":"<p>Descubrir y promover el potencial. Encuentra tu voz y tu voz. Ayuda en la mayor necesidad.<\/p>\n<p><a class=\"lila\" href=\"https:\/\/www.focuscongo.com\/es\/unterstuetzen\/gebet\/info\/\" rel=\"noopener\">Orar<\/a> <a class=\"lila\" href=\"https:\/\/www.focuscongo.com\/es\/spende\/\" rel=\"noopener\">Donar<\/a><\/p>","protected":false},"excerpt":{"rendered":"<p>Potenzial entdecken und f\u00f6rdern. Geh\u00f6r und Stimme finden. Hilfe in gr\u00f6\u00dfter Not. Beten Spenden<\/p>","protected":false},"author":1,"featured_media":5471,"parent":0,"menu_order":300,"comment_status":"closed","ping_status":"closed","template":"page-templates\/involved-template.php","meta":{"footnotes":""},"folder":[59],"_links":{"self":[{"href":"https:\/\/www.focuscongo.com\/es\/wp-json\/wp\/v2\/pages\/4476"}],"collection":[{"href":"https:\/\/www.focuscongo.com\/es\/wp-json\/wp\/v2\/pages"}],"about":[{"href":"https:\/\/www.focuscongo.com\/es\/wp-json\/wp\/v2\/types\/page"}],"author":[{"embeddable":true,"href":"https:\/\/www.focuscongo.com\/es\/wp-json\/wp\/v2\/users\/1"}],"replies":[{"embeddable":true,"href":"https:\/\/www.focuscongo.com\/es\/wp-json\/wp\/v2\/comments?post=4476"}],"version-history":[{"count":8,"href":"https:\/\/www.focuscongo.com\/es\/wp-json\/wp\/v2\/pages\/4476\/revisions"}],"predecessor-version":[{"id":6124,"href":"https:\/\/www.focuscongo.com\/es\/wp-json\/wp\/v2\/pages\/4476\/revisions\/6124"}],"wp:featuredmedia":[{"embeddable":true,"href":"https:\/\/www.focuscongo.com\/es\/wp-json\/wp\/v2\/media\/5471"}],"wp:attachment":[{"href":"https:\/\/www.focuscongo.com\/es\/wp-json\/wp\/v2\/media?parent=4476"}],"wp:term":[{"taxonomy":"folder","embeddable":true,"href":"https:\/\/www.focuscongo.com\/es\/wp-json\/wp\/v2\/folder?post=4476"}],"curies":[{"name":"wp","href":"https:\/\/api.w.org\/{rel}","templated":true}]}}