{"id":4664,"date":"2022-06-29T14:26:59","date_gmt":"2022-06-29T12:26:59","guid":{"rendered":"https:\/\/www.focuscongo.com\/?page_id=4664"},"modified":"2022-09-04T22:12:50","modified_gmt":"2022-09-04T20:12:50","slug":"info","status":"publish","type":"page","link":"https:\/\/www.focuscongo.com\/es\/unterstuetzen\/gebet\/info\/","title":{"rendered":"oraci\u00f3n"},"content":{"rendered":"<div data-elementor-type=\"wp-post\" data-elementor-id=\"4664\" class=\"elementor elementor-4664\" data-elementor-post-type=\"page\">\n\t\t\t\t\t\t\t\t\t<section class=\"elementor-section elementor-top-section elementor-element elementor-element-df5b485 elementor-section-boxed elementor-section-height-default elementor-section-height-default\" data-id=\"df5b485\" data-element_type=\"section\">\n\t\t\t\t\t\t<div class=\"elementor-container elementor-column-gap-default\">\n\t\t\t\t\t<div class=\"elementor-column elementor-col-100 elementor-top-column elementor-element elementor-element-2c4610a\" data-id=\"2c4610a\" data-element_type=\"column\">\n\t\t\t<div class=\"elementor-widget-wrap elementor-element-populated\">\n\t\t\t\t\t\t\t\t<div class=\"elementor-element elementor-element-09f74cd elementor-widget elementor-widget-text-editor\" data-id=\"09f74cd\" data-element_type=\"widget\" data-widget_type=\"text-editor.default\">\n\t\t\t\t<div class=\"elementor-widget-container\">\n\t\t\t\t\t\t\t<p style=\"text-align: center;\"><strong>\u201cOren unos por otros para que est\u00e9n sanos. La oraci\u00f3n del justo puede hacer mucho si es sincera\u201d.<\/strong>&nbsp;<em>(Santiago 5:16)<\/em><\/p>\t\t\t\t\t\t<\/div>\n\t\t\t\t<\/div>\n\t\t\t\t\t<\/div>\n\t\t<\/div>\n\t\t\t\t\t\t\t<\/div>\n\t\t<\/section>\n\t\t\t\t<section class=\"elementor-section elementor-top-section elementor-element elementor-element-33b3f76 elementor-section-boxed elementor-section-height-default elementor-section-height-default\" data-id=\"33b3f76\" data-element_type=\"section\">\n\t\t\t\t\t\t<div class=\"elementor-container elementor-column-gap-default\">\n\t\t\t\t\t<div class=\"elementor-column elementor-col-100 elementor-top-column elementor-element elementor-element-b8fe522\" data-id=\"b8fe522\" data-element_type=\"column\">\n\t\t\t<div class=\"elementor-widget-wrap elementor-element-populated\">\n\t\t\t\t\t\t\t\t<div class=\"elementor-element elementor-element-417efdb elementor-widget elementor-widget-spacer\" data-id=\"417efdb\" data-element_type=\"widget\" data-widget_type=\"spacer.default\">\n\t\t\t\t<div class=\"elementor-widget-container\">\n\t\t\t\t\t<div class=\"elementor-spacer\">\n\t\t\t<div class=\"elementor-spacer-inner\"><\/div>\n\t\t<\/div>\n\t\t\t\t<\/div>\n\t\t\t\t<\/div>\n\t\t\t\t<div class=\"elementor-element elementor-element-6728e4a elementor-widget elementor-widget-heading\" data-id=\"6728e4a\" data-element_type=\"widget\" data-widget_type=\"heading.default\">\n\t\t\t\t<div class=\"elementor-widget-container\">\n\t\t\t<h1 class=\"elementor-heading-title elementor-size-default\">Ora por...<\/h1>\t\t<\/div>\n\t\t\t\t<\/div>\n\t\t\t\t<section class=\"elementor-section elementor-inner-section elementor-element elementor-element-8670147 elementor-section-boxed elementor-section-height-default elementor-section-height-default\" data-id=\"8670147\" data-element_type=\"section\">\n\t\t\t\t\t\t<div class=\"elementor-container elementor-column-gap-default\">\n\t\t\t\t\t<div class=\"elementor-column elementor-col-100 elementor-inner-column elementor-element elementor-element-8926218\" data-id=\"8926218\" data-element_type=\"column\">\n\t\t\t<div class=\"elementor-widget-wrap elementor-element-populated\">\n\t\t\t\t\t\t\t\t<div class=\"elementor-element elementor-element-8efb8f9 elementor-widget elementor-widget-text-editor\" data-id=\"8efb8f9\" data-element_type=\"widget\" data-widget_type=\"text-editor.default\">\n\t\t\t\t<div class=\"elementor-widget-container\">\n\t\t\t\t\t\t\t<p style=\"text-align: center;\"><a class=\"lila\" href=\"https:\/\/www.focuscongo.com\/wp-content\/uploads\/2022\/06\/focus-congo-gebetsanliegen.pdf\" rel=\"noopener\">Solicitudes de oraci\u00f3n para descargar.<\/a><\/p>\t\t\t\t\t\t<\/div>\n\t\t\t\t<\/div>\n\t\t\t\t\t<\/div>\n\t\t<\/div>\n\t\t\t\t\t\t\t<\/div>\n\t\t<\/section>\n\t\t\t\t<section class=\"elementor-section elementor-inner-section elementor-element elementor-element-89b4f1b elementor-section-boxed elementor-section-height-default elementor-section-height-default\" data-id=\"89b4f1b\" data-element_type=\"section\">\n\t\t\t\t\t\t<div class=\"elementor-container elementor-column-gap-default\">\n\t\t\t\t\t<div class=\"elementor-column elementor-col-50 elementor-inner-column elementor-element elementor-element-39ed28b\" data-id=\"39ed28b\" data-element_type=\"column\">\n\t\t\t<div class=\"elementor-widget-wrap elementor-element-populated\">\n\t\t\t\t\t\t\t\t<div class=\"elementor-element elementor-element-244c9cc elementor-widget elementor-widget-image\" data-id=\"244c9cc\" data-element_type=\"widget\" data-widget_type=\"image.default\">\n\t\t\t\t<div class=\"elementor-widget-container\">\n\t\t\t\t\t\t\t\t\t\t\t\t\t\t\t<img fetchpriority=\"high\" decoding=\"async\" width=\"870\" height=\"870\" src=\"https:\/\/www.focuscongo.com\/wp-content\/uploads\/2020\/03\/PHOTO-2020-03-21-16-08-44.jpg\" class=\"attachment-large size-large wp-image-3597\" alt=\"\" srcset=\"https:\/\/www.focuscongo.com\/wp-content\/uploads\/2020\/03\/PHOTO-2020-03-21-16-08-44.jpg 1024w, https:\/\/www.focuscongo.com\/wp-content\/uploads\/2020\/03\/PHOTO-2020-03-21-16-08-44-150x150.jpg 150w, https:\/\/www.focuscongo.com\/wp-content\/uploads\/2020\/03\/PHOTO-2020-03-21-16-08-44-300x300.jpg 300w, https:\/\/www.focuscongo.com\/wp-content\/uploads\/2020\/03\/PHOTO-2020-03-21-16-08-44-768x768.jpg 768w, https:\/\/www.focuscongo.com\/wp-content\/uploads\/2020\/03\/PHOTO-2020-03-21-16-08-44-430x430.jpg 430w, https:\/\/www.focuscongo.com\/wp-content\/uploads\/2020\/03\/PHOTO-2020-03-21-16-08-44-624x624.jpg 624w, https:\/\/www.focuscongo.com\/wp-content\/uploads\/2020\/03\/PHOTO-2020-03-21-16-08-44-870x870.jpg 870w, https:\/\/www.focuscongo.com\/wp-content\/uploads\/2020\/03\/PHOTO-2020-03-21-16-08-44-405x405.jpg 405w, https:\/\/www.focuscongo.com\/wp-content\/uploads\/2020\/03\/PHOTO-2020-03-21-16-08-44-600x600.jpg 600w, https:\/\/www.focuscongo.com\/wp-content\/uploads\/2020\/03\/PHOTO-2020-03-21-16-08-44-100x100.jpg 100w\" sizes=\"(max-width: 870px) 100vw, 870px\" \/>\t\t\t\t\t\t\t\t\t\t\t\t\t\t\t<\/div>\n\t\t\t\t<\/div>\n\t\t\t\t\t<\/div>\n\t\t<\/div>\n\t\t\t\t<div class=\"elementor-column elementor-col-50 elementor-inner-column elementor-element elementor-element-a8e3ce3\" data-id=\"a8e3ce3\" data-element_type=\"column\">\n\t\t\t<div class=\"elementor-widget-wrap elementor-element-populated\">\n\t\t\t\t\t\t\t\t<div class=\"elementor-element elementor-element-aa48be1 elementor-widget elementor-widget-heading\" data-id=\"aa48be1\" data-element_type=\"widget\" data-widget_type=\"heading.default\">\n\t\t\t\t<div class=\"elementor-widget-container\">\n\t\t\t<h3 class=\"elementor-heading-title elementor-size-default\">... el pueblo del Congo<\/h3>\t\t<\/div>\n\t\t\t\t<\/div>\n\t\t\t\t<div class=\"elementor-element elementor-element-24fe981 elementor-widget elementor-widget-text-editor\" data-id=\"24fe981\" data-element_type=\"widget\" data-widget_type=\"text-editor.default\">\n\t\t\t\t<div class=\"elementor-widget-container\">\n\t\t\t\t\t\t\t<ul><li><b>para gente joven<\/b>\u00a0\u2013 \u00a1M\u00e1s del 45 % de la poblaci\u00f3n tiene menos de 15 a\u00f1os! Por favor oren por esta generaci\u00f3n joven y aspirante para que aprendan a encontrar su camino en la vida a pesar de la pobreza, la injusticia y la falta de perspectivas y para que tengan una influencia positiva en su pa\u00eds. <em>(1 Timoteo 4:12)<\/em><i>.<\/i><\/li><li><em><strong style=\"font-style: normal;\">por la esperanza<\/strong>\u00a0<\/em>\u2013 Por favor oren por una esperanza celestial que nunca se desvanece. Por favor oren para que el pueblo congole\u00f1o no tenga miedo de so\u00f1ar y perseguir sue\u00f1os. Nuestro Dios es un Dios de esperanza.\u00a0<em>(Romanos 15:13)<\/em>.<\/li><li><em><strong style=\"font-style: normal;\">para trabajos<\/strong>\u00a0&#8211; <\/em>Por favor oren por la recuperaci\u00f3n econ\u00f3mica, para que se abran oportunidades laborales para la gente en el Congo y para que las familias puedan mantenerse a s\u00ed mismas.\u00a0<i>(Salmo 90:17).<\/i><\/li><li><b>por salud\u00a0<\/b>\u2013 En el Congo no hay un sistema de salud que funcione, no hay acceso a agua potable, hay muchos traumas por la guerra y la violencia... Por favor, oren por la curaci\u00f3n interior y exterior del pueblo del Congo. La buena salud y la recuperaci\u00f3n son esenciales para el bienestar de cada persona y son parte del coraz\u00f3n de Dios.\u00a0<em>(Jerem\u00edas 30:17)<\/em><\/li><\/ul>\t\t\t\t\t\t<\/div>\n\t\t\t\t<\/div>\n\t\t\t\t\t<\/div>\n\t\t<\/div>\n\t\t\t\t\t\t\t<\/div>\n\t\t<\/section>\n\t\t\t\t<section class=\"elementor-section elementor-inner-section elementor-element elementor-element-7946813 elementor-section-boxed elementor-section-height-default elementor-section-height-default\" data-id=\"7946813\" data-element_type=\"section\">\n\t\t\t\t\t\t<div class=\"elementor-container elementor-column-gap-default\">\n\t\t\t\t\t<div class=\"elementor-column elementor-col-50 elementor-inner-column elementor-element elementor-element-de2baa7\" data-id=\"de2baa7\" data-element_type=\"column\">\n\t\t\t<div class=\"elementor-widget-wrap elementor-element-populated\">\n\t\t\t\t\t\t\t\t<div class=\"elementor-element elementor-element-a83f741 elementor-widget elementor-widget-image\" data-id=\"a83f741\" data-element_type=\"widget\" data-widget_type=\"image.default\">\n\t\t\t\t<div class=\"elementor-widget-container\">\n\t\t\t\t\t\t\t\t\t\t\t\t\t\t\t<img decoding=\"async\" width=\"870\" height=\"870\" src=\"https:\/\/www.focuscongo.com\/wp-content\/uploads\/2020\/03\/PHOTO-2020-03-21-16-09-25-1024x1024.jpg\" class=\"attachment-large size-large wp-image-3598\" alt=\"\" srcset=\"https:\/\/www.focuscongo.com\/wp-content\/uploads\/2020\/03\/PHOTO-2020-03-21-16-09-25-1024x1024.jpg 1024w, https:\/\/www.focuscongo.com\/wp-content\/uploads\/2020\/03\/PHOTO-2020-03-21-16-09-25-150x150.jpg 150w, https:\/\/www.focuscongo.com\/wp-content\/uploads\/2020\/03\/PHOTO-2020-03-21-16-09-25-300x300.jpg 300w, https:\/\/www.focuscongo.com\/wp-content\/uploads\/2020\/03\/PHOTO-2020-03-21-16-09-25-768x768.jpg 768w, https:\/\/www.focuscongo.com\/wp-content\/uploads\/2020\/03\/PHOTO-2020-03-21-16-09-25-430x430.jpg 430w, https:\/\/www.focuscongo.com\/wp-content\/uploads\/2020\/03\/PHOTO-2020-03-21-16-09-25.jpg 1280w, https:\/\/www.focuscongo.com\/wp-content\/uploads\/2020\/03\/PHOTO-2020-03-21-16-09-25-624x624.jpg 624w, https:\/\/www.focuscongo.com\/wp-content\/uploads\/2020\/03\/PHOTO-2020-03-21-16-09-25-870x870.jpg 870w, https:\/\/www.focuscongo.com\/wp-content\/uploads\/2020\/03\/PHOTO-2020-03-21-16-09-25-405x405.jpg 405w, https:\/\/www.focuscongo.com\/wp-content\/uploads\/2020\/03\/PHOTO-2020-03-21-16-09-25-600x600.jpg 600w, https:\/\/www.focuscongo.com\/wp-content\/uploads\/2020\/03\/PHOTO-2020-03-21-16-09-25-100x100.jpg 100w\" sizes=\"(max-width: 870px) 100vw, 870px\" \/>\t\t\t\t\t\t\t\t\t\t\t\t\t\t\t<\/div>\n\t\t\t\t<\/div>\n\t\t\t\t\t<\/div>\n\t\t<\/div>\n\t\t\t\t<div class=\"elementor-column elementor-col-50 elementor-inner-column elementor-element elementor-element-9c0909d\" data-id=\"9c0909d\" data-element_type=\"column\">\n\t\t\t<div class=\"elementor-widget-wrap elementor-element-populated\">\n\t\t\t\t\t\t\t\t<div class=\"elementor-element elementor-element-a60f5b2 elementor-widget elementor-widget-heading\" data-id=\"a60f5b2\" data-element_type=\"widget\" data-widget_type=\"heading.default\">\n\t\t\t\t<div class=\"elementor-widget-container\">\n\t\t\t<h3 class=\"elementor-heading-title elementor-size-default\">... La Naci\u00f3n<\/h3>\t\t<\/div>\n\t\t\t\t<\/div>\n\t\t\t\t<div class=\"elementor-element elementor-element-93b10f6 elementor-widget elementor-widget-text-editor\" data-id=\"93b10f6\" data-element_type=\"widget\" data-widget_type=\"text-editor.default\">\n\t\t\t\t<div class=\"elementor-widget-container\">\n\t\t\t\t\t\t\t<ul><li><strong>por la paz<\/strong>\u00a0\u2013 Por favor oren por los pacificadores en el Congo. Ore para que los autores intelectuales de la guerra abandonen sus maquinaciones y los grupos armados depongan las armas. Creemos que Dios tiene m\u00e1s para el pueblo del Congo y sabemos que el camino de Dios es pac\u00edfico.\u00a0<em>(Mateo 5:9).<\/em><\/li><li><span style=\"font-weight: bold;\">por la sabidur\u00eda\u00a0<\/span>\u2013 Oren por los tomadores de decisiones en la pol\u00edtica, los negocios y la sociedad para que manejen responsablemente sus tareas, recursos y las personas que se les conf\u00edan.\u00a0<em>(Proverbios 24:3-4<\/em><em style=\"font-size: 1rem;\">).<\/em><\/li><li><em><strong style=\"font-style: normal;\">contra la corrupci\u00f3n<\/strong>\u00a0<\/em>\u2013 Por favor oren para que los planes de los corruptos fracasen y los caminos de los justos conduzcan al bienestar del pueblo.<em>\u00a0(Salmo 1:6).<\/em><\/li><\/ul>\t\t\t\t\t\t<\/div>\n\t\t\t\t<\/div>\n\t\t\t\t\t<\/div>\n\t\t<\/div>\n\t\t\t\t\t\t\t<\/div>\n\t\t<\/section>\n\t\t\t\t<section class=\"elementor-section elementor-inner-section elementor-element elementor-element-aa269a7 elementor-section-boxed elementor-section-height-default elementor-section-height-default\" data-id=\"aa269a7\" data-element_type=\"section\">\n\t\t\t\t\t\t<div class=\"elementor-container elementor-column-gap-default\">\n\t\t\t\t\t<div class=\"elementor-column elementor-col-50 elementor-inner-column elementor-element elementor-element-0962ec8\" data-id=\"0962ec8\" data-element_type=\"column\">\n\t\t\t<div class=\"elementor-widget-wrap elementor-element-populated\">\n\t\t\t\t\t\t\t\t<div class=\"elementor-element elementor-element-d8e948f elementor-widget elementor-widget-image\" data-id=\"d8e948f\" data-element_type=\"widget\" data-widget_type=\"image.default\">\n\t\t\t\t<div class=\"elementor-widget-container\">\n\t\t\t\t\t\t\t\t\t\t\t\t\t\t\t<img decoding=\"async\" width=\"870\" height=\"870\" src=\"https:\/\/www.focuscongo.com\/wp-content\/uploads\/2020\/03\/PHOTO-2020-03-21-16-21-37-1024x1024.jpg\" class=\"attachment-large size-large wp-image-3601\" alt=\"\" srcset=\"https:\/\/www.focuscongo.com\/wp-content\/uploads\/2020\/03\/PHOTO-2020-03-21-16-21-37-1024x1024.jpg 1024w, https:\/\/www.focuscongo.com\/wp-content\/uploads\/2020\/03\/PHOTO-2020-03-21-16-21-37-150x150.jpg 150w, https:\/\/www.focuscongo.com\/wp-content\/uploads\/2020\/03\/PHOTO-2020-03-21-16-21-37-300x300.jpg 300w, https:\/\/www.focuscongo.com\/wp-content\/uploads\/2020\/03\/PHOTO-2020-03-21-16-21-37-768x768.jpg 768w, https:\/\/www.focuscongo.com\/wp-content\/uploads\/2020\/03\/PHOTO-2020-03-21-16-21-37-430x430.jpg 430w, https:\/\/www.focuscongo.com\/wp-content\/uploads\/2020\/03\/PHOTO-2020-03-21-16-21-37.jpg 1280w, https:\/\/www.focuscongo.com\/wp-content\/uploads\/2020\/03\/PHOTO-2020-03-21-16-21-37-624x624.jpg 624w, https:\/\/www.focuscongo.com\/wp-content\/uploads\/2020\/03\/PHOTO-2020-03-21-16-21-37-870x870.jpg 870w, https:\/\/www.focuscongo.com\/wp-content\/uploads\/2020\/03\/PHOTO-2020-03-21-16-21-37-405x405.jpg 405w, https:\/\/www.focuscongo.com\/wp-content\/uploads\/2020\/03\/PHOTO-2020-03-21-16-21-37-600x600.jpg 600w, https:\/\/www.focuscongo.com\/wp-content\/uploads\/2020\/03\/PHOTO-2020-03-21-16-21-37-100x100.jpg 100w\" sizes=\"(max-width: 870px) 100vw, 870px\" \/>\t\t\t\t\t\t\t\t\t\t\t\t\t\t\t<\/div>\n\t\t\t\t<\/div>\n\t\t\t\t\t<\/div>\n\t\t<\/div>\n\t\t\t\t<div class=\"elementor-column elementor-col-50 elementor-inner-column elementor-element elementor-element-5b47591\" data-id=\"5b47591\" data-element_type=\"column\">\n\t\t\t<div class=\"elementor-widget-wrap elementor-element-populated\">\n\t\t\t\t\t\t\t\t<div class=\"elementor-element elementor-element-7e3849f elementor-widget elementor-widget-heading\" data-id=\"7e3849f\" data-element_type=\"widget\" data-widget_type=\"heading.default\">\n\t\t\t\t<div class=\"elementor-widget-container\">\n\t\t\t<h3 class=\"elementor-heading-title elementor-size-default\">... Focus Congo como organizaci\u00f3n<\/h3>\t\t<\/div>\n\t\t\t\t<\/div>\n\t\t\t\t<div class=\"elementor-element elementor-element-9a05e8a elementor-widget elementor-widget-text-editor\" data-id=\"9a05e8a\" data-element_type=\"widget\" data-widget_type=\"text-editor.default\">\n\t\t\t\t<div class=\"elementor-widget-container\">\n\t\t\t\t\t\t\t<ul><li><strong>para nuestro equipo <\/strong>en Alemania y el Congo (Bukavu y Goma), por una comunicaci\u00f3n buena y abierta entre s\u00ed. Que busquemos juntos el camino de Dios, lo reconozcamos y lo sigamos como una unidad.<\/li><li><strong>para las personas con las que trabajamos <\/strong>\u2013 que ser\u00e1n protegidos, llenos de esperanza y guiados al tomar decisiones para sus vidas.<\/li><li><strong>por inspiraci\u00f3n y sabidur\u00eda <\/strong>qu\u00e9 puertas debemos atravesar, qu\u00e9 objetivos debemos perseguir y cu\u00e1ndo es el momento de decir &quot;no&quot;. Por favor oren para que permanezcamos sensibles a que Dios hable y trabaje en nosotros y a trav\u00e9s de nosotros.<\/li><li><strong>para soporte\u00a0<\/strong>\u2013 Oremos para que Dios nos permita encontrarnos con personas en el momento adecuado y mover sus corazones por el trabajo de Focus Congo. Que encontremos personas que nos apoyen en oraci\u00f3n y econ\u00f3micamente, tambi\u00e9n a largo plazo.<\/li><\/ul>\t\t\t\t\t\t<\/div>\n\t\t\t\t<\/div>\n\t\t\t\t\t<\/div>\n\t\t<\/div>\n\t\t\t\t\t\t\t<\/div>\n\t\t<\/section>\n\t\t\t\t\t<\/div>\n\t\t<\/div>\n\t\t\t\t\t\t\t<\/div>\n\t\t<\/section>\n\t\t\t\t<section class=\"elementor-section elementor-top-section elementor-element elementor-element-5a42938 elementor-section-stretched elementor-section-height-min-height elementor-section-boxed elementor-section-height-default elementor-section-items-middle\" data-id=\"5a42938\" data-element_type=\"section\" data-settings=\"{&quot;stretch_section&quot;:&quot;section-stretched&quot;,&quot;background_background&quot;:&quot;classic&quot;}\">\n\t\t\t\t\t\t<div class=\"elementor-container elementor-column-gap-default\">\n\t\t\t\t\t<div class=\"elementor-column elementor-col-100 elementor-top-column elementor-element elementor-element-d9b0b35\" data-id=\"d9b0b35\" data-element_type=\"column\">\n\t\t\t<div class=\"elementor-widget-wrap elementor-element-populated\">\n\t\t\t\t\t\t\t\t<div class=\"elementor-element elementor-element-f261317 elementor-widget elementor-widget-heading\" data-id=\"f261317\" data-element_type=\"widget\" data-widget_type=\"heading.default\">\n\t\t\t\t<div class=\"elementor-widget-container\">\n\t\t\t<h1 class=\"elementor-heading-title elementor-size-default\">M\u00e1s sobre nuestro trabajo<\/h1>\t\t<\/div>\n\t\t\t\t<\/div>\n\t\t\t\t<div class=\"elementor-element elementor-element-c026a75 elementor-widget elementor-widget-text-editor\" data-id=\"c026a75\" data-element_type=\"widget\" data-widget_type=\"text-editor.default\">\n\t\t\t\t<div class=\"elementor-widget-container\">\n\t\t\t\t\t\t\t<p style=\"text-align: right;\"><a class=\"lila\" href=\"https:\/\/www.focuscongo.com\/es\/donate\/\" rel=\"noopener\">Proyectos<\/a> <a class=\"lila\" href=\"https:\/\/www.focuscongo.com\/es\/donate\/\" rel=\"noopener\">Done ahora<\/a><\/p>\t\t\t\t\t\t<\/div>\n\t\t\t\t<\/div>\n\t\t\t\t\t<\/div>\n\t\t<\/div>\n\t\t\t\t\t\t\t<\/div>\n\t\t<\/section>\n\t\t\t\t\t\t\t<\/div>","protected":false},"excerpt":{"rendered":"<p>&#8222;Betet f\u00fcreinander, damit ihr gesund werdet. Des Gerechten Gebet vermag viel, wenn es ernstlich ist.&#8220;&nbsp;(Jakobus 5:16) Beten Sie f\u00fcr&#8230; Gebetsanliegen zum Download &#8230; die menschen im Kongo f\u00fcr junge Menschen&nbsp;&#8211;&nbsp;Mehr als 45 % der Bev\u00f6lkerung ist unter 15 Jahre alt! Bitte beten Sie f\u00fcr diese junge, aufstrebende Generation, dass sie lernt trotz der vielen Armut,&#8230;<a class=\"excerpt-link\" href=\"https:\/\/www.focuscongo.com\/es\/unterstuetzen\/gebet\/info\/\">sigue leyendo <span class=\"screen-reader-text\">oraci\u00f3n<\/span> <span class=\"meta-nav\" aria-hidden=\"true\">\u2192<\/span><\/a><\/p>","protected":false},"author":1,"featured_media":6423,"parent":4660,"menu_order":401,"comment_status":"closed","ping_status":"closed","template":"","meta":{"footnotes":""},"folder":[60],"_links":{"self":[{"href":"https:\/\/www.focuscongo.com\/es\/wp-json\/wp\/v2\/pages\/4664"}],"collection":[{"href":"https:\/\/www.focuscongo.com\/es\/wp-json\/wp\/v2\/pages"}],"about":[{"href":"https:\/\/www.focuscongo.com\/es\/wp-json\/wp\/v2\/types\/page"}],"author":[{"embeddable":true,"href":"https:\/\/www.focuscongo.com\/es\/wp-json\/wp\/v2\/users\/1"}],"replies":[{"embeddable":true,"href":"https:\/\/www.focuscongo.com\/es\/wp-json\/wp\/v2\/comments?post=4664"}],"version-history":[{"count":24,"href":"https:\/\/www.focuscongo.com\/es\/wp-json\/wp\/v2\/pages\/4664\/revisions"}],"predecessor-version":[{"id":6425,"href":"https:\/\/www.focuscongo.com\/es\/wp-json\/wp\/v2\/pages\/4664\/revisions\/6425"}],"up":[{"embeddable":true,"href":"https:\/\/www.focuscongo.com\/es\/wp-json\/wp\/v2\/pages\/4660"}],"wp:featuredmedia":[{"embeddable":true,"href":"https:\/\/www.focuscongo.com\/es\/wp-json\/wp\/v2\/media\/6423"}],"wp:attachment":[{"href":"https:\/\/www.focuscongo.com\/es\/wp-json\/wp\/v2\/media?parent=4664"}],"wp:term":[{"taxonomy":"folder","embeddable":true,"href":"https:\/\/www.focuscongo.com\/es\/wp-json\/wp\/v2\/folder?post=4664"}],"curies":[{"name":"wp","href":"https:\/\/api.w.org\/{rel}","templated":true}]}}