{"id":5388,"date":"2022-08-18T11:45:04","date_gmt":"2022-08-18T09:45:04","guid":{"rendered":"https:\/\/www.focuscongo.com\/?page_id=5388"},"modified":"2022-12-16T13:45:48","modified_gmt":"2022-12-16T12:45:48","slug":"performing-arts","status":"publish","type":"page","link":"https:\/\/www.focuscongo.com\/es\/projekte\/performing-arts\/","title":{"rendered":"Las artes esc\u00e9nicas"},"content":{"rendered":"<div class=\"wp-block-group is-layout-flow wp-block-group-is-layout-flow\"><div class=\"wp-block-group__inner-container\">\n<p>\u00a1Danza, m\u00fasica y ritmo para un futuro vibrante! Impulsamos el talento de los ni\u00f1os de la calle y ofrecemos una plataforma de cultura en el espacio p\u00fablico\u00a0 \u00a0<a href=\"https:\/\/www.focuscongo.com\/es\/projekte\/performing-arts\/info\/\">\u2026aprende m\u00e1s<\/a><\/p>\n<\/div><\/div>","protected":false},"excerpt":{"rendered":"<p>Tanz, Musik und Rhythmus f\u00fcr eine pulsierende Zukunft! Wir f\u00f6rdern die Talente von Stra\u00dfenkindern und bieten eine Plattform f\u00fcr Kultur im \u00f6ffentlichen Raum\u00a0 \u00a0&#8230;mehr erfahren<\/p>","protected":false},"author":1,"featured_media":5827,"parent":4476,"menu_order":357,"comment_status":"closed","ping_status":"closed","template":"","meta":{"footnotes":""},"folder":[59],"_links":{"self":[{"href":"https:\/\/www.focuscongo.com\/es\/wp-json\/wp\/v2\/pages\/5388"}],"collection":[{"href":"https:\/\/www.focuscongo.com\/es\/wp-json\/wp\/v2\/pages"}],"about":[{"href":"https:\/\/www.focuscongo.com\/es\/wp-json\/wp\/v2\/types\/page"}],"author":[{"embeddable":true,"href":"https:\/\/www.focuscongo.com\/es\/wp-json\/wp\/v2\/users\/1"}],"replies":[{"embeddable":true,"href":"https:\/\/www.focuscongo.com\/es\/wp-json\/wp\/v2\/comments?post=5388"}],"version-history":[{"count":6,"href":"https:\/\/www.focuscongo.com\/es\/wp-json\/wp\/v2\/pages\/5388\/revisions"}],"predecessor-version":[{"id":6533,"href":"https:\/\/www.focuscongo.com\/es\/wp-json\/wp\/v2\/pages\/5388\/revisions\/6533"}],"up":[{"embeddable":true,"href":"https:\/\/www.focuscongo.com\/es\/wp-json\/wp\/v2\/pages\/4476"}],"wp:featuredmedia":[{"embeddable":true,"href":"https:\/\/www.focuscongo.com\/es\/wp-json\/wp\/v2\/media\/5827"}],"wp:attachment":[{"href":"https:\/\/www.focuscongo.com\/es\/wp-json\/wp\/v2\/media?parent=5388"}],"wp:term":[{"taxonomy":"folder","embeddable":true,"href":"https:\/\/www.focuscongo.com\/es\/wp-json\/wp\/v2\/folder?post=5388"}],"curies":[{"name":"wp","href":"https:\/\/api.w.org\/{rel}","templated":true}]}}