{"id":72,"date":"2016-02-10T11:23:52","date_gmt":"2016-02-10T10:23:52","guid":{"rendered":"http:\/\/www.anarieldesign.com\/themedemos\/pena\/?page_id=72"},"modified":"2022-09-03T08:40:35","modified_gmt":"2022-09-03T06:40:35","slug":"unterschied-machen","status":"publish","type":"page","link":"https:\/\/www.focuscongo.com\/es\/unterschied-machen\/","title":{"rendered":"Hagamos la diferencia juntos"},"content":{"rendered":"<h3>\u00a1Apoye al pueblo del Congo!<\/h3>\n<div class=\"donation-form\">\n<p>Agradecemos todo el apoyo, en oraci\u00f3n, a trav\u00e9s del trabajo voluntario o mediante donaciones, y decimos GRACIAS desde el fondo de nuestro coraz\u00f3n.<\/p>\n<p><a class=\"lila\" href=\"https:\/\/www.focuscongo.com\/es\/unterstuetzen\/gebet\/info\/\" rel=\"noopener\">rezo<\/a> <a class=\"lila\" href=\"https:\/\/www.focuscongo.com\/es\/spende\/\" rel=\"noopener\">yo dono<\/a><\/p>\n<\/div>\n\n\n<p><\/p>","protected":false},"excerpt":{"rendered":"<p>Stehen Sie an der Seite der Menschen im Kongo! Wir sch\u00e4tzen jede Unterst\u00fctzung \u2013 im Gebet, durch ehrenamtliches Engagement oder durch Spenden und sagen DANKE von Herzen Ich bete Ich spende<\/p>","protected":false},"author":1,"featured_media":2960,"parent":0,"menu_order":102,"comment_status":"closed","ping_status":"closed","template":"","meta":{"footnotes":""},"folder":[28],"_links":{"self":[{"href":"https:\/\/www.focuscongo.com\/es\/wp-json\/wp\/v2\/pages\/72"}],"collection":[{"href":"https:\/\/www.focuscongo.com\/es\/wp-json\/wp\/v2\/pages"}],"about":[{"href":"https:\/\/www.focuscongo.com\/es\/wp-json\/wp\/v2\/types\/page"}],"author":[{"embeddable":true,"href":"https:\/\/www.focuscongo.com\/es\/wp-json\/wp\/v2\/users\/1"}],"replies":[{"embeddable":true,"href":"https:\/\/www.focuscongo.com\/es\/wp-json\/wp\/v2\/comments?post=72"}],"version-history":[{"count":28,"href":"https:\/\/www.focuscongo.com\/es\/wp-json\/wp\/v2\/pages\/72\/revisions"}],"predecessor-version":[{"id":6299,"href":"https:\/\/www.focuscongo.com\/es\/wp-json\/wp\/v2\/pages\/72\/revisions\/6299"}],"wp:featuredmedia":[{"embeddable":true,"href":"https:\/\/www.focuscongo.com\/es\/wp-json\/wp\/v2\/media\/2960"}],"wp:attachment":[{"href":"https:\/\/www.focuscongo.com\/es\/wp-json\/wp\/v2\/media?parent=72"}],"wp:term":[{"taxonomy":"folder","embeddable":true,"href":"https:\/\/www.focuscongo.com\/es\/wp-json\/wp\/v2\/folder?post=72"}],"curies":[{"name":"wp","href":"https:\/\/api.w.org\/{rel}","templated":true}]}}