{"id":2144,"date":"2017-11-07T11:55:56","date_gmt":"2017-11-07T10:55:56","guid":{"rendered":"http:\/\/anariel.com\/pena\/?page_id=2144"},"modified":"2020-03-25T22:07:30","modified_gmt":"2020-03-25T21:07:30","slug":"donate","status":"publish","type":"page","link":"https:\/\/www.focuscongo.com\/fr\/donate\/","title":{"rendered":"Faire un don"},"content":{"rendered":"<div data-elementor-type=\"wp-post\" data-elementor-id=\"2144\" class=\"elementor elementor-2144\" data-elementor-post-type=\"page\">\n\t\t\t\t\t\t\t\t\t<section class=\"elementor-section elementor-top-section elementor-element elementor-element-aa07a43 elementor-section-boxed elementor-section-height-default elementor-section-height-default\" data-id=\"aa07a43\" data-element_type=\"section\">\n\t\t\t\t\t\t<div class=\"elementor-container elementor-column-gap-default\">\n\t\t\t\t\t<div class=\"elementor-column elementor-col-100 elementor-top-column elementor-element elementor-element-c2e28fd\" data-id=\"c2e28fd\" data-element_type=\"column\">\n\t\t\t<div class=\"elementor-widget-wrap elementor-element-populated\">\n\t\t\t\t\t\t\t\t<div class=\"elementor-element elementor-element-d777ad7 elementor-widget elementor-widget-heading\" data-id=\"d777ad7\" data-element_type=\"widget\" data-widget_type=\"heading.default\">\n\t\t\t\t<div class=\"elementor-widget-container\">\n\t\t\t<h1 class=\"elementor-heading-title elementor-size-default\">Merci!<\/h1>\t\t<\/div>\n\t\t\t\t<\/div>\n\t\t\t\t<div class=\"elementor-element elementor-element-10f0a0d elementor-widget elementor-widget-text-editor\" data-id=\"10f0a0d\" data-element_type=\"widget\" data-widget_type=\"text-editor.default\">\n\t\t\t\t<div class=\"elementor-widget-container\">\n\t\t\t\t\t\t\t<p>Nous honorons et appr\u00e9cions vraiment votre confiance dans notre travail, b\u00e9nissez le peuple et la nation congolais\u00a0!<\/p>\t\t\t\t\t\t<\/div>\n\t\t\t\t<\/div>\n\t\t\t\t\t<\/div>\n\t\t<\/div>\n\t\t\t\t\t\t\t<\/div>\n\t\t<\/section>\n\t\t\t\t<section class=\"elementor-section elementor-top-section elementor-element elementor-element-4eb3 elementor-section-boxed elementor-section-height-default elementor-section-height-default\" data-id=\"4eb3\" data-element_type=\"section\">\n\t\t\t\t\t\t<div class=\"elementor-container elementor-column-gap-default\">\n\t\t\t\t\t<div class=\"elementor-column elementor-col-100 elementor-top-column elementor-element elementor-element-4a1b\" data-id=\"4a1b\" data-element_type=\"column\">\n\t\t\t<div class=\"elementor-widget-wrap elementor-element-populated\">\n\t\t\t\t\t\t\t\t<div class=\"elementor-element elementor-element-1505 elementor-widget elementor-widget-shortcode\" data-id=\"1505\" data-element_type=\"widget\" data-widget_type=\"shortcode.default\">\n\t\t\t\t<div class=\"elementor-widget-container\">\n\t\t\t\t\t<div class=\"elementor-shortcode\">\t<div id=\"give-form-2715-wrap\" class=\"give-form-wrap give-display-onpage give-recurring-form-wrap give-recurring-form-donor\">\n\t\t<h2 class=\"give-form-title\">Oui, je veux donner de l&#039;espoir !<\/h2>\t\t\t<form id=\"give-form-2715-1\" class=\"give-form give-form-2715 give-form-type-multi give-recurring-form\" action=\"https:\/\/www.focuscongo.com\/fr\/wp-json\/wp\/v2\/pages\/2144\/?payment-mode=paypal&#038;form-id=2715\" data-id=\"2715-1\" data-currency_symbol=\"&euro;\" data-currency_code=\"EUR\" data-currency_position=\"after\" data-thousands_separator=\".\" data-decimal_separator=\",\" data-number_decimals=\"2\" data-publishable-key=\"pk_live_51JlTonKrSyI3RRBwrh0yTGR2tuDH0sM2AEom4QUZVDvZl1103n8s2Oxu5dzJUfZWAPrDQLafJYPlz6Iqy9psQucA00yImG6KPv\" data-account=\"acct_1JlTonKrSyI3RRBw\" method=\"post\" data-trp-original-action=\"https:\/\/www.focuscongo.com\/fr\/wp-json\/wp\/v2\/pages\/2144\/?payment-mode=paypal&form-id=2715\">\n\t\t\t\t<!-- The following field is for robots only, invisible to humans: -->\n\t\t\t\t<span class=\"give-hidden\" style=\"display: none !important;\">\n\t\t\t\t\t<label for=\"give-form-honeypot-2715\"><\/label>\n\t\t\t\t\t<input id=\"give-form-honeypot-2715\" type=\"text\" name=\"give-honeypot\"\n\t\t\t\t\t\t   class=\"give-honeypot give-hidden\"\/>\n\t\t\t\t<\/span>\n\n\t\t\t\t\t<input type=\"hidden\" name=\"give-form-id-prefix\" value=\"2715-1\"\/>\n\t<input type=\"hidden\" name=\"give-form-id\" value=\"2715\"\/>\n\t<input type=\"hidden\" name=\"give-form-title\" value=\"Ja, ich m\u00f6chte Hoffnung schenken!\"\/>\n\t<input type=\"hidden\" name=\"give-current-url\" value=\"https:\/\/www.focuscongo.com\/fr\/wp-json\/wp\/v2\/pages\/2144\/\"\/>\n\t<input type=\"hidden\" name=\"give-form-url\" value=\"https:\/\/www.focuscongo.com\/fr\/wp-json\/wp\/v2\/pages\/2144\/\"\/>\n\t\t\t<input type=\"hidden\" name=\"give-form-minimum\"\n\t\t\t   value=\"1.00\"\/>\n\t\t<input type=\"hidden\" name=\"give-form-maximum\"\n\t\t\t   value=\"999999.99\"\/>\n\t\t<input type=\"hidden\"  name=\"give-form-hash\" value=\"a268c95f3f\" data-time=\"1778330830\" data-nonce-life=\"86400\" data-donor-session=\"0\"\/><input type=\"hidden\" name=\"give-price-id\" value=\"1\"\/>\t<input type=\"hidden\" name=\"give-recurring-logged-in-only\"\n\t\t   class=\"give-recurring-logged-in-only\"\n\t\t   value=\"\"\/>\n\n\t<input type=\"hidden\" name=\"give-logged-in-only\"\n\t\t   class=\"give-logged-in-only\"\n\t\t   value=\"1\"\/>\n<input\n\t\t\t\t\ttype=\"hidden\"\n\t\t\t\t\tname=\"_give_is_donation_recurring\"\n\t\t\t\t\tclass=\"_give_is_donation_recurring\"\n\t\t\t\t\tid=\"_give_is_donation_recurring\"\n\t\t\t\t\tvalue=\"0\"\n\t\t\t\t\tdata-_give_recurring=\"yes_donor\"\n\t\t\t\t\tdata-_give_checkbox_default=\"no\"\n                    data-_give_price_option=\"\"\n                \/><input\n\t\t\t\t\ttype=\"hidden\"\n\t\t\t\t\tname=\"give_recurring_donation_details\"\n\t\t\t\t\tclass=\"give_recurring_donation_details\"\n\t\t\t\t\tid=\"give_recurring_donation_details\"\n\t\t\t\t\tvalue=\"{&quot;give_recurring_option&quot;:&quot;yes_donor&quot;}\"\n                \/>\t\t<div class=\"give-total-wrap\">\n\t\t\t<div class=\"give-donation-amount form-row-wide\">\n\t\t\t\t\t\t\t\t<label class=\"give-hidden\" for=\"give-amount\">Montant du don:<\/label>\n\t\t\t\t<input class=\"give-text-input give-amount-top\" id=\"give-amount\" name=\"give-amount\" type=\"text\" inputmode=\"decimal\"\n\t\t\t\t\t   placeholder=\"\" value=\"30,00\" autocomplete=\"off\">\n\t\t\t\t<span class=\"give-currency-symbol give-currency-position-after\">\u20ac<\/span>\t\t\t<\/div>\n\t\t<\/div>\n\t\t<ul id=\"give-donation-level-button-wrap\" class=\"give-donation-levels-wrap give-list-inline\"><li><button type=\"button\" data-price-id=\"0\" class=\"give-donation-level-btn give-btn give-btn-level-0\" value=\"15,00\" data-default=\"0\">15,00\u20ac<\/button><\/li><li><button type=\"button\" data-price-id=\"1\" class=\"give-donation-level-btn give-btn give-btn-level-1 give-default-level\" value=\"30,00\" data-default=\"1\">30,00 \u20ac<\/button><\/li><li><button type=\"button\" data-price-id=\"2\" class=\"give-donation-level-btn give-btn give-btn-level-2\" value=\"50,00\" data-default=\"0\">50,00\u20ac<\/button><\/li><li><button type=\"button\" data-price-id=\"3\" class=\"give-donation-level-btn give-btn give-btn-level-3  give-recurring-level\" value=\"100,00\" data-default=\"0\">100,00 \u20ac<\/button><\/li><li><button type=\"button\" data-price-id=\"custom\" class=\"give-donation-level-btn give-btn give-btn-level-custom\" value=\"custom\">Choisissez votre propre montant<\/button><\/li><\/ul>\t<div class=\"give-recurring-donors-choice\">\n\t\t<input id=\"give-admin_choice-2715\" class=\"give-recurring-period\" name=\"give-recurring-period\" type=\"checkbox\" data-period-label=\"Mensuel\" data-period=\"month\" data-interval=\"1\"  \/> <label for=\"give-admin_choice-2715\">J&#039;opter pour un menu<\/label>\t<\/div>\n\t<div class=\"form-row form-row-wide\">\n\t<div class=\"give-select-fund-row\">\n\t\t<label for=\"give-funds-select\">\n\t\t\tA quoi doit servir votre don ?\t\t<\/label>\n\t\t<select class=\"give-funds-select give-select\" name=\"give-selected-fund\">\n\t\t\t\t\t\t\t<option value=\"1\" data-description=\"\">\n\t\t\t\t\tL\u00e0 o\u00f9 c&#039;est le plus n\u00e9cessaire\t\t\t\t<\/option>\n\t\t\t\t\t\t\t<option value=\"4\" data-description=\"\">\n\t\t\t\t\tAssistance m\u00e9dicale (g\u00e9n\u00e9rale)\t\t\t\t<\/option>\n\t\t\t\t\t\t\t<option value=\"9\" data-description=\"\">\n\t\t\t\t\tAide aux orphelins (g\u00e9n\u00e9ral)\t\t\t\t<\/option>\n\t\t\t\t\t\t\t<option value=\"14\" data-description=\"\">\n\t\t\t\t\tAide \u00e0 la faim et aux catastrophes (g\u00e9n\u00e9ral)\t\t\t\t<\/option>\n\t\t\t\t\t\t\t<option value=\"18\" data-description=\"\">\n\t\t\t\t\tM\u00e9dias et travail pour la paix (g\u00e9n\u00e9ral)\t\t\t\t<\/option>\n\t\t\t\t\t\t\t<option value=\"22\" data-description=\"\">\n\t\t\t\t\tMesures g\u00e9n\u00e9ratrices de revenus (g\u00e9n\u00e9ralit\u00e9s)\t\t\t\t<\/option>\n\t\t\t\t\t\t\t<option value=\"23\" data-description=\"\">\n\t\t\t\t\tArts du spectacle (g\u00e9n\u00e9ral)\t\t\t\t<\/option>\n\t\t\t\t\t\t\t<option value=\"28\" data-description=\"\">\n\t\t\t\t\tProjets sportifs (g\u00e9n\u00e9ral)\t\t\t\t<\/option>\n\t\t\t\t\t\t\t<option value=\"31\" data-description=\"\">\n\t\t\t\t\tTravail communautaire (g\u00e9n\u00e9ral)\t\t\t\t<\/option>\n\t\t\t\t\t\t\t<option value=\"35\" data-description=\"\">\n\t\t\t\t\tB\u00e9n\u00e9diction de P\u00e2ques 2023\t\t\t\t<\/option>\n\t\t\t\t\t<\/select>\n\t\t<div class=\"give-funds-fund-description\">\n\t\t\t\t\t<\/div>\n\t<\/div>\n<\/div>\n<input id=\"give-stripe-payment-method-2715-1\" type=\"hidden\" name=\"give_stripe_payment_method\" value=\"\">\n\t<fieldset id=\"give-payment-mode-select\">\n\t\t\t\t<legend\n\t\t\tclass=\"give-payment-mode-label\">S\u00e9lectionnez le mode de paiement\t\t\t<span class=\"give-loading-text\"><span\n\t\t\t\t\tclass=\"give-loading-animation\"><\/span>\n\t\t\t<\/span>\n\t\t<\/legend>\n\n\t\t<div id=\"give-payment-mode-wrap\">\n\t\t\t\t\t\t<ul id=\"give-gateway-radio-list\">\n\t\t\t\t\t\t\t\t\t\t<li class=\"give-gateway-option-selected\">\n\t\t\t\t\t\t\t<input type=\"radio\" name=\"payment-mode\" class=\"give-gateway\"\n\t\t\t\t\t\t\t\t   id=\"give-gateway-paypal-2715-1\"\n\t\t\t\t\t\t\t\t   value=\"paypal\" checked='checked'>\n\t\t\t\t\t\t\t<label for=\"give-gateway-paypal-2715-1\"\n\t\t\t\t\t\t\t\t   class=\"give-gateway-option\"\n\t\t\t\t\t\t\t\t   id=\"give-gateway-option-paypal\"> Pay Pal<\/label>\n\t\t\t\t\t\t<\/li>\n\t\t\t\t\t\t\t\t\t\t\t\t<li>\n\t\t\t\t\t\t\t<input type=\"radio\" name=\"payment-mode\" class=\"give-gateway\"\n\t\t\t\t\t\t\t\t   id=\"give-gateway-stripe-2715-1\"\n\t\t\t\t\t\t\t\t   value=\"stripe\">\n\t\t\t\t\t\t\t<label for=\"give-gateway-stripe-2715-1\"\n\t\t\t\t\t\t\t\t   class=\"give-gateway-option\"\n\t\t\t\t\t\t\t\t   id=\"give-gateway-option-stripe\"> Carte de cr\u00e9dit<\/label>\n\t\t\t\t\t\t<\/li>\n\t\t\t\t\t\t\t\t\t\t\t\t<li>\n\t\t\t\t\t\t\t<input type=\"radio\" name=\"payment-mode\" class=\"give-gateway\"\n\t\t\t\t\t\t\t\t   id=\"give-gateway-sofort-2715-1\"\n\t\t\t\t\t\t\t\t   value=\"sofort\">\n\t\t\t\t\t\t\t<label for=\"give-gateway-sofort-2715-1\"\n\t\t\t\t\t\t\t\t   class=\"give-gateway-option\"\n\t\t\t\t\t\t\t\t   id=\"give-gateway-option-sofort\"> Virement bancaire instantan\u00e9<\/label>\n\t\t\t\t\t\t<\/li>\n\t\t\t\t\t\t\t\t\t<\/ul>\n\t\t\t\t\t<\/div>\n\t\t\t<\/fieldset>\n\n\t\n\t<div id=\"give_purchase_form_wrap\">\n\n\t\t\t<fieldset id=\"give_checkout_user_info\" class=\"give-title-prefix-wrap\">\n\t\t<legend>\n\t\t\tInformation personnelle\t\t<\/legend>\n\n\t\t\t\t\t<p id=\"give-title-wrap\" class=\"form-row form-row-title form-row-responsive\">\n\t\t\t\t<label class=\"give-label\" for=\"give-title\">\n\t\t\t\t\tTitre\t\t\t\t\t\t\t\t\t\t<span class=\"give-tooltip hint--top hint--medium hint--bounce\" aria-label=\"Le titre est utilis\u00e9 pour personnaliser votre dossier de don.\" rel=\"tooltip\"><i class=\"give-icon give-icon-question\"><\/i><\/span>\t\t\t\t<\/label>\n\t\t\t\t<select\n\t\t\t\t\tclass=\"give-input\"\n\t\t\t\t\ttype=\"text\"\n\t\t\t\t\tname=\"give_title\"\n\t\t\t\t\tid=\"give-title\"\n\t\t\t\t\t\t\t\t\t>\n\t\t\t\t\t\t\t\t\t\t\t<option\n\t\t\t\t\t\t\tvalue=\"Mr.\" >M.<\/option>\n\t\t\t\t\t\t\t\t\t\t\t<option\n\t\t\t\t\t\t\tvalue=\"Mrs.\" >Mme.<\/option>\n\t\t\t\t\t\t\t\t\t\t\t<option\n\t\t\t\t\t\t\tvalue=\"Ms.\" >MS.<\/option>\n\t\t\t\t\t\t\t\t\t\t\t<option\n\t\t\t\t\t\t\tvalue=\"Dr.\" >Dr.<\/option>\n\t\t\t\t\t\t\t\t\t\t\t<option\n\t\t\t\t\t\t\tvalue=\"Prof. Dr.\" >Prof. Dr.<\/option>\n\t\t\t\t\t\t\t\t\t<\/select>\n\t\t\t<\/p>\n\t\t\n\t\t<p id=\"give-first-name-wrap\" class=\"form-row form-row-first form-row-responsive\">\n\t\t\t<label class=\"give-label\" for=\"give-first\">\n\t\t\t\tpr\u00e9nom\t\t\t\t\t\t\t\t\t<span class=\"give-required-indicator\">*<\/span>\n\t\t\t\t\t\t\t\t<span class=\"give-tooltip hint--top hint--medium hint--bounce\" aria-label=\"Le pr\u00e9nom est utilis\u00e9 pour personnaliser votre dossier de don.\" rel=\"tooltip\"><i class=\"give-icon give-icon-question\"><\/i><\/span>\t\t\t<\/label>\n\t\t\t<input\n\t\t\t\tclass=\"give-input required\"\n\t\t\t\ttype=\"text\"\n\t\t\t\tname=\"give_first\"\n\t\t\t\tautocomplete=\"given-name\"\n\t\t\t\tplaceholder=\"pr\u00e9nom\"\n\t\t\t\tid=\"give-first\"\n\t\t\t\tvalue=\"\"\n\t\t\t\t required aria-required=\"true\" \t\t\t\/>\n\t\t<\/p>\n\n\t\t<p id=\"give-last-name-wrap\" class=\"form-row form-row-last form-row-responsive\">\n\t\t\t<label class=\"give-label\" for=\"give-last\">\n\t\t\t\tNom de famille\t\t\t\t\t\t\t\t\t<span class=\"give-required-indicator\">*<\/span>\n\t\t\t\t\t\t\t\t<span class=\"give-tooltip hint--top hint--medium hint--bounce\" aria-label=\"Le nom de famille est utilis\u00e9 pour personnaliser votre dossier de don.\" rel=\"tooltip\"><i class=\"give-icon give-icon-question\"><\/i><\/span>\t\t\t<\/label>\n\n\t\t\t<input\n\t\t\t\tclass=\"give-input required\"\n\t\t\t\ttype=\"text\"\n\t\t\t\tname=\"give_last\"\n\t\t\t\tautocomplete=\"family-name\"\n\t\t\t\tid=\"give-last\"\n\t\t\t\tplaceholder=\"Nom de famille\"\n\t\t\t\tvalue=\"\"\n\t\t\t\t required aria-required=\"true\" \t\t\t\/>\n\t\t<\/p>\n\n\t\t\t\t\t\t\t\t<p id=\"give-company-wrap\" class=\"form-row form-row-wide\">\n\t\t\t\t<label class=\"give-label\" for=\"give-company\">\n\t\t\t\t\tNom de l&#039;entreprise\t\t\t\t\t\t\t\t\t\t<span class=\"give-tooltip hint--top hint--bounce\" aria-label=\"Faire un don au nom de l&#039;entreprise\" rel=\"tooltip\"><i class=\"give-icon give-icon-question\"><\/i><\/span>\t\t\t\t<\/label>\n\t\t\t\t<input\n\t\t\t\t\tclass=\"give-input\"\n\t\t\t\t\ttype=\"text\"\n\t\t\t\t\tname=\"give_company_name\"\n\t\t\t\t\tplaceholder=\"Nom de l&#039;entreprise\"\n\t\t\t\t\tid=\"give-company\"\n\t\t\t\t\tvalue=\"\"\n\t\t\t\t\t\t\t\t\t\/>\n\t\t\t<\/p>\n\t\t\n\t\t\t\t<p id=\"give-email-wrap\" class=\"form-row form-row-wide\">\n\t\t\t<label class=\"give-label\" for=\"give-email\">\n\t\t\t\tAdresse e-mail\t\t\t\t\t\t\t\t\t<span class=\"give-required-indicator\">*<\/span>\n\t\t\t\t\t\t\t\t<span class=\"give-tooltip hint--top hint--medium hint--bounce\" aria-label=\"Nous enverrons le re\u00e7u de don \u00e0 cette adresse.\" rel=\"tooltip\"><i class=\"give-icon give-icon-question\"><\/i><\/span>\t\t\t<\/label>\n\t\t\t<input\n\t\t\t\tclass=\"give-input required\"\n\t\t\t\ttype=\"email\"\n\t\t\t\tname=\"give_email\"\n\t\t\t\tautocomplete=\"email\"\n\t\t\t\tplaceholder=\"Adresse e-mail\"\n\t\t\t\tid=\"give-email\"\n\t\t\t\tvalue=\"\"\n\t\t\t\t required aria-required=\"true\" \t\t\t\/>\n\n\t\t<\/p>\n\n\t\t\n\t\t\t\t\t<p id=\"give-comment-wrap\" class=\"form-row form-row-wide\">\n\t\t\t\t<label class=\"give-label\" for=\"give-comment\">\n\t\t\t\t\tCommentaire\t\t\t\t\t\t\t\t\t\t<span class=\"give-tooltip hint--top hint--medium hint--bounce\" aria-label=\"Vous souhaitez ajouter un commentaire \u00e0 ce don ?\" rel=\"tooltip\"><i class=\"give-icon give-icon-question\"><\/i><\/span>\t\t\t\t<\/label>\n\n\t\t\t\t<textarea\n\t\t\t\t\tclass=\"give-input\"\n\t\t\t\t\tname=\"give_comment\"\n\t\t\t\t\tplaceholder=\"laissez un commentaire\"\n\t\t\t\t\tid=\"give-comment\"\n\t\t\t\t\t\t\t\t\t><\/textarea>\n\n\t\t\t<\/p>\n\t\t\t\t\t<\/fieldset>\n\t<div id=\"give-stripe-payment-errors-2715-1\"><\/div>\t<fieldset id=\"give_purchase_submit\" class=\"give-donation-submit\">\n\t\t\t<p id=\"give-final-total-wrap\" class=\"form-wrap\">\n\t\t\t\t<span class=\"give-donation-total-label\">\n\t\t\tDon total :\t\t<\/span>\n\t\t<span class=\"give-final-total-amount\"\n\t\t\t  data-total=\"30,00\">\n\t\t\t30,00 \u20ac\t\t<\/span>\n\t\t<span id=\"give-recurring-modal-period-wrap\" class=\"give-hidden\"><span id=\"give-recurring-modal-period\">Ponctuel<\/span><\/span>\t<\/p>\n\t\t<input type=\"hidden\" name=\"give_action\" value=\"purchase\"\/>\n\t<input type=\"hidden\" name=\"give-gateway\" value=\"paypal\"\/>\n\t\t<div class=\"give-submit-button-wrap give-clearfix\">\n\t\t<input type=\"submit\" class=\"give-submit give-btn\" id=\"give-purchase-button\" name=\"give-purchase\"\n\t\t\t   value=\"Faire un don maintenant\" data-before-validation-label=\"Donate Now\"\/>\n\t\t<span class=\"give-loading-animation\"><\/span>\n\t<\/div>\n\t\t<\/fieldset>\n\t\n\t<\/div>\n\n\t<div id=\"give-stripe-ideal-donation-errors\"><\/div>\t\t\t<input type=\"hidden\" name=\"trp-form-language\" value=\"fr\"\/><\/form>\n\n\t\t\t\n\t<\/div><!--end #give-form-2715-->\n\t<\/div>\n\t\t\t\t<\/div>\n\t\t\t\t<\/div>\n\t\t\t\t\t<\/div>\n\t\t<\/div>\n\t\t\t\t\t\t\t<\/div>\n\t\t<\/section>\n\t\t\t\t<section class=\"elementor-section elementor-top-section elementor-element elementor-element-925fdec elementor-section-boxed elementor-section-height-default elementor-section-height-default\" data-id=\"925fdec\" data-element_type=\"section\">\n\t\t\t\t\t\t<div class=\"elementor-container elementor-column-gap-default\">\n\t\t\t\t\t<div class=\"elementor-column elementor-col-100 elementor-top-column elementor-element elementor-element-8e09497\" data-id=\"8e09497\" data-element_type=\"column\">\n\t\t\t<div class=\"elementor-widget-wrap elementor-element-populated\">\n\t\t\t\t\t\t\t\t<div class=\"elementor-element elementor-element-7d5b76c elementor-widget elementor-widget-spacer\" data-id=\"7d5b76c\" data-element_type=\"widget\" data-widget_type=\"spacer.default\">\n\t\t\t\t<div class=\"elementor-widget-container\">\n\t\t\t\t\t<div class=\"elementor-spacer\">\n\t\t\t<div class=\"elementor-spacer-inner\"><\/div>\n\t\t<\/div>\n\t\t\t\t<\/div>\n\t\t\t\t<\/div>\n\t\t\t\t\t<\/div>\n\t\t<\/div>\n\t\t\t\t\t\t\t<\/div>\n\t\t<\/section>\n\t\t\t\t<section class=\"elementor-section elementor-top-section elementor-element elementor-element-5249833 elementor-section-boxed elementor-section-height-default elementor-section-height-default\" data-id=\"5249833\" data-element_type=\"section\">\n\t\t\t\t\t\t<div class=\"elementor-container elementor-column-gap-default\">\n\t\t\t\t\t<div class=\"elementor-column elementor-col-100 elementor-top-column elementor-element elementor-element-efa9003\" data-id=\"efa9003\" data-element_type=\"column\">\n\t\t\t<div class=\"elementor-widget-wrap elementor-element-populated\">\n\t\t\t\t\t\t\t\t<div class=\"elementor-element elementor-element-a4a3643 elementor-widget elementor-widget-heading\" data-id=\"a4a3643\" data-element_type=\"widget\" data-widget_type=\"heading.default\">\n\t\t\t\t<div class=\"elementor-widget-container\">\n\t\t\t<h1 class=\"elementor-heading-title elementor-size-default\">Faire un don hors ligne<\/h1>\t\t<\/div>\n\t\t\t\t<\/div>\n\t\t\t\t\t<\/div>\n\t\t<\/div>\n\t\t\t\t\t\t\t<\/div>\n\t\t<\/section>\n\t\t\t\t<section class=\"elementor-section elementor-top-section elementor-element elementor-element-b17f876 elementor-section-boxed elementor-section-height-default elementor-section-height-default\" data-id=\"b17f876\" data-element_type=\"section\">\n\t\t\t\t\t\t<div class=\"elementor-container elementor-column-gap-default\">\n\t\t\t\t\t<div class=\"elementor-column elementor-col-66 elementor-top-column elementor-element elementor-element-ca7f3ad\" data-id=\"ca7f3ad\" data-element_type=\"column\">\n\t\t\t<div class=\"elementor-widget-wrap elementor-element-populated\">\n\t\t\t\t\t\t\t\t<div class=\"elementor-element elementor-element-55864ef elementor-widget elementor-widget-heading\" data-id=\"55864ef\" data-element_type=\"widget\" data-widget_type=\"heading.default\">\n\t\t\t\t<div class=\"elementor-widget-container\">\n\t\t\t<h2 class=\"elementor-heading-title elementor-size-default\">d\u00e9tails de compte en banque<\/h2>\t\t<\/div>\n\t\t\t\t<\/div>\n\t\t\t\t<div class=\"elementor-element elementor-element-59657ec elementor-widget elementor-widget-text-editor\" data-id=\"59657ec\" data-element_type=\"widget\" data-widget_type=\"text-editor.default\">\n\t\t\t\t<div class=\"elementor-widget-container\">\n\t\t\t\t\t\t\t<p>Focus Congo eV<\/p><p>IBAN\u00a0: DE49 5206 0410 0005 0015 10<\/p><p>BIC\u00a0: GENODEF1EK1<\/p><p>Banque : Evangelische Bank eG<\/p><p><em>Les dons sont d\u00e9ductibles des imp\u00f4ts en Allemagne.\u00a0<\/em><\/p>\t\t\t\t\t\t<\/div>\n\t\t\t\t<\/div>\n\t\t\t\t\t<\/div>\n\t\t<\/div>\n\t\t\t\t<div class=\"elementor-column elementor-col-33 elementor-top-column elementor-element elementor-element-ce44c18\" data-id=\"ce44c18\" data-element_type=\"column\">\n\t\t\t<div class=\"elementor-widget-wrap elementor-element-populated\">\n\t\t\t\t\t\t\t\t<div class=\"elementor-element elementor-element-9a2089c elementor-widget elementor-widget-image\" data-id=\"9a2089c\" data-element_type=\"widget\" data-widget_type=\"image.default\">\n\t\t\t\t<div class=\"elementor-widget-container\">\n\t\t\t\t\t\t\t\t\t\t\t\t\t\t\t<img fetchpriority=\"high\" decoding=\"async\" width=\"870\" height=\"474\" src=\"https:\/\/www.focuscongo.com\/wp-content\/uploads\/2020\/03\/WhatsApp-Image-2020-03-23-at-16.07.08.jpeg\" class=\"attachment-large size-large wp-image-3895\" alt=\"\" srcset=\"https:\/\/www.focuscongo.com\/wp-content\/uploads\/2020\/03\/WhatsApp-Image-2020-03-23-at-16.07.08.jpeg 900w, https:\/\/www.focuscongo.com\/wp-content\/uploads\/2020\/03\/WhatsApp-Image-2020-03-23-at-16.07.08-300x163.jpeg 300w, https:\/\/www.focuscongo.com\/wp-content\/uploads\/2020\/03\/WhatsApp-Image-2020-03-23-at-16.07.08-768x418.jpeg 768w, https:\/\/www.focuscongo.com\/wp-content\/uploads\/2020\/03\/WhatsApp-Image-2020-03-23-at-16.07.08-430x234.jpeg 430w, https:\/\/www.focuscongo.com\/wp-content\/uploads\/2020\/03\/WhatsApp-Image-2020-03-23-at-16.07.08-624x340.jpeg 624w, https:\/\/www.focuscongo.com\/wp-content\/uploads\/2020\/03\/WhatsApp-Image-2020-03-23-at-16.07.08-870x474.jpeg 870w, https:\/\/www.focuscongo.com\/wp-content\/uploads\/2020\/03\/WhatsApp-Image-2020-03-23-at-16.07.08-405x221.jpeg 405w, https:\/\/www.focuscongo.com\/wp-content\/uploads\/2020\/03\/WhatsApp-Image-2020-03-23-at-16.07.08-600x327.jpeg 600w\" sizes=\"(max-width: 870px) 100vw, 870px\" \/>\t\t\t\t\t\t\t\t\t\t\t\t\t\t\t<\/div>\n\t\t\t\t<\/div>\n\t\t\t\t\t<\/div>\n\t\t<\/div>\n\t\t\t\t\t\t\t<\/div>\n\t\t<\/section>\n\t\t\t\t\t\t\t<\/div>","protected":false},"excerpt":{"rendered":"<p>thank you! We truly honor and appreciate your trust in our work bless the Congolese people and nation! Make an Offline Donation Bank account Details Focus Congo e.V. IBAN: DE49 5206 0410 0005 0015 10 BIC: GENODEF1EK1 Bank: Evangelische Bank eG Donations are tax-deductible within Germany.\u00a0<\/p>","protected":false},"author":1,"featured_media":2334,"parent":0,"menu_order":600,"comment_status":"closed","ping_status":"closed","template":"","meta":{"footnotes":""},"folder":[30],"_links":{"self":[{"href":"https:\/\/www.focuscongo.com\/fr\/wp-json\/wp\/v2\/pages\/2144"}],"collection":[{"href":"https:\/\/www.focuscongo.com\/fr\/wp-json\/wp\/v2\/pages"}],"about":[{"href":"https:\/\/www.focuscongo.com\/fr\/wp-json\/wp\/v2\/types\/page"}],"author":[{"embeddable":true,"href":"https:\/\/www.focuscongo.com\/fr\/wp-json\/wp\/v2\/users\/1"}],"replies":[{"embeddable":true,"href":"https:\/\/www.focuscongo.com\/fr\/wp-json\/wp\/v2\/comments?post=2144"}],"version-history":[{"count":7,"href":"https:\/\/www.focuscongo.com\/fr\/wp-json\/wp\/v2\/pages\/2144\/revisions"}],"predecessor-version":[{"id":3927,"href":"https:\/\/www.focuscongo.com\/fr\/wp-json\/wp\/v2\/pages\/2144\/revisions\/3927"}],"wp:featuredmedia":[{"embeddable":true,"href":"https:\/\/www.focuscongo.com\/fr\/wp-json\/wp\/v2\/media\/2334"}],"wp:attachment":[{"href":"https:\/\/www.focuscongo.com\/fr\/wp-json\/wp\/v2\/media?parent=2144"}],"wp:term":[{"taxonomy":"folder","embeddable":true,"href":"https:\/\/www.focuscongo.com\/fr\/wp-json\/wp\/v2\/folder?post=2144"}],"curies":[{"name":"wp","href":"https:\/\/api.w.org\/{rel}","templated":true}]}}