{"id":337,"date":"2016-02-24T12:10:26","date_gmt":"2016-02-24T11:10:26","guid":{"rendered":"http:\/\/www.anarieldesign.com\/themedemos\/pena\/?page_id=337"},"modified":"2022-09-02T23:13:38","modified_gmt":"2022-09-02T21:13:38","slug":"unsere-geschichte","status":"publish","type":"page","link":"https:\/\/www.focuscongo.com\/fr\/unsere-geschichte\/","title":{"rendered":"L\u2019histoire derri\u00e8re Focus Congo"},"content":{"rendered":"<p>Tout a commenc\u00e9 un jour lorsque notre fondateur Pappy Orion s&#039;est lanc\u00e9 dans un tr\u00e8s long voyage lorsqu&#039;il \u00e9tait enfant... Un voyage qui lui a bris\u00e9 le c\u0153ur et qui a finalement conduit \u00e0 la gu\u00e9rison, \u00e0 la restauration et \u00e0 la r\u00e9conciliation.<\/p>\n<p><a class=\"lila\" href=\"https:\/\/www.focuscongo.com\/fr\/ueber-uns\/geschichte\/\" target=\"_blank\" rel=\"noopener\">Apprendre encore plus<\/a><\/p>","protected":false},"excerpt":{"rendered":"<p>Es begann eines Tages, als unser Gr\u00fcnder Pappy Orion sich als Kind auf eine sehr lange Reise begab\u2026 Eine Reise, die ihm das Herz brach und doch am Ende zu Heilung, Wiederherstellung und Vers\u00f6hnung f\u00fchrte. Mehr erfahren<\/p>","protected":false},"author":1,"featured_media":2342,"parent":0,"menu_order":15,"comment_status":"closed","ping_status":"closed","template":"","meta":{"footnotes":""},"folder":[61],"_links":{"self":[{"href":"https:\/\/www.focuscongo.com\/fr\/wp-json\/wp\/v2\/pages\/337"}],"collection":[{"href":"https:\/\/www.focuscongo.com\/fr\/wp-json\/wp\/v2\/pages"}],"about":[{"href":"https:\/\/www.focuscongo.com\/fr\/wp-json\/wp\/v2\/types\/page"}],"author":[{"embeddable":true,"href":"https:\/\/www.focuscongo.com\/fr\/wp-json\/wp\/v2\/users\/1"}],"replies":[{"embeddable":true,"href":"https:\/\/www.focuscongo.com\/fr\/wp-json\/wp\/v2\/comments?post=337"}],"version-history":[{"count":11,"href":"https:\/\/www.focuscongo.com\/fr\/wp-json\/wp\/v2\/pages\/337\/revisions"}],"predecessor-version":[{"id":6217,"href":"https:\/\/www.focuscongo.com\/fr\/wp-json\/wp\/v2\/pages\/337\/revisions\/6217"}],"wp:featuredmedia":[{"embeddable":true,"href":"https:\/\/www.focuscongo.com\/fr\/wp-json\/wp\/v2\/media\/2342"}],"wp:attachment":[{"href":"https:\/\/www.focuscongo.com\/fr\/wp-json\/wp\/v2\/media?parent=337"}],"wp:term":[{"taxonomy":"folder","embeddable":true,"href":"https:\/\/www.focuscongo.com\/fr\/wp-json\/wp\/v2\/folder?post=337"}],"curies":[{"name":"wp","href":"https:\/\/api.w.org\/{rel}","templated":true}]}}