{"id":4519,"date":"2022-06-20T12:09:37","date_gmt":"2022-06-20T10:09:37","guid":{"rendered":"https:\/\/www.focuscongo.com\/?page_id=4519"},"modified":"2022-09-02T23:26:59","modified_gmt":"2022-09-02T21:26:59","slug":"transparenz","status":"publish","type":"page","link":"https:\/\/www.focuscongo.com\/fr\/ueber-uns\/transparenz\/","title":{"rendered":"transparence"},"content":{"rendered":"<div data-elementor-type=\"wp-post\" data-elementor-id=\"4519\" class=\"elementor elementor-4519\" data-elementor-post-type=\"page\">\n\t\t\t\t\t\t\t\t\t<section class=\"elementor-section elementor-top-section elementor-element elementor-element-84e12f9 elementor-section-boxed elementor-section-height-default elementor-section-height-default\" data-id=\"84e12f9\" data-element_type=\"section\">\n\t\t\t\t\t\t<div class=\"elementor-container elementor-column-gap-default\">\n\t\t\t\t\t<div class=\"elementor-column elementor-col-100 elementor-top-column elementor-element elementor-element-fb80be5\" data-id=\"fb80be5\" data-element_type=\"column\">\n\t\t\t<div class=\"elementor-widget-wrap elementor-element-populated\">\n\t\t\t\t\t\t\t\t<div class=\"elementor-element elementor-element-23fc77d elementor-widget elementor-widget-heading\" data-id=\"23fc77d\" data-element_type=\"widget\" data-widget_type=\"heading.default\">\n\t\t\t\t<div class=\"elementor-widget-container\">\n\t\t\t<h1 class=\"elementor-heading-title elementor-size-default\">La transparence est importante pour nous<\/h1>\t\t<\/div>\n\t\t\t\t<\/div>\n\t\t\t\t<div class=\"elementor-element elementor-element-3d4f2ed elementor-widget elementor-widget-text-editor\" data-id=\"3d4f2ed\" data-element_type=\"widget\" data-widget_type=\"text-editor.default\">\n\t\t\t\t<div class=\"elementor-widget-container\">\n\t\t\t\t\t\t\t<p style=\"caret-color: #000000; text-size-adjust: auto; text-align: center;\">Nous valorisons l\u2019int\u00e9grit\u00e9, la responsabilit\u00e9 et la transparence. D\u00e9couvrez le soutien que nous avons re\u00e7u et comment nous avons utilis\u00e9 les fonds qui nous ont \u00e9t\u00e9 confi\u00e9s.<span style=\"color: var( --e-global-color-text ); font-size: 1rem;\">\u00a0Nous appr\u00e9cions chaque don que nous recevons. Soyez b\u00e9nis pour ce que vous avez donn\u00e9 g\u00e9n\u00e9reusement et de tout votre c\u0153ur !<\/span><\/p>\t\t\t\t\t\t<\/div>\n\t\t\t\t<\/div>\n\t\t\t\t<section class=\"elementor-section elementor-inner-section elementor-element elementor-element-b95784f elementor-section-boxed elementor-section-height-default elementor-section-height-default\" data-id=\"b95784f\" data-element_type=\"section\">\n\t\t\t\t\t\t<div class=\"elementor-container elementor-column-gap-default\">\n\t\t\t\t\t<div class=\"elementor-column elementor-col-50 elementor-inner-column elementor-element elementor-element-adb064d\" data-id=\"adb064d\" data-element_type=\"column\">\n\t\t\t<div class=\"elementor-widget-wrap elementor-element-populated\">\n\t\t\t\t\t\t\t\t<div class=\"elementor-element elementor-element-c83e15b elementor-widget elementor-widget-heading\" data-id=\"c83e15b\" data-element_type=\"widget\" data-widget_type=\"heading.default\">\n\t\t\t\t<div class=\"elementor-widget-container\">\n\t\t\t<h3 class=\"elementor-heading-title elementor-size-default\">Alliance \u00e9vang\u00e9lique allemande<\/h3>\t\t<\/div>\n\t\t\t\t<\/div>\n\t\t\t\t<div class=\"elementor-element elementor-element-acc756b elementor-widget elementor-widget-text-editor\" data-id=\"acc756b\" data-element_type=\"widget\" data-widget_type=\"text-editor.default\">\n\t\t\t\t<div class=\"elementor-widget-container\">\n\t\t\t\t\t\t\t<p>Focus Congo est membre de l&#039;Alliance \u00e9vang\u00e9lique allemande (DEA). On aimerait \u00e7a <a href=\"https:\/\/www.focuscongo.com\/wp-content\/uploads\/2022\/06\/grundsaetze-zur-verwendung-von-spendenmitteln.pdf\">des principes<\/a> La DEA nous engage \u00e0 utiliser les fonds donn\u00e9s et a donc demand\u00e9 le label de don DEA - l&#039;examen est actuellement en cours.<\/p>\t\t\t\t\t\t<\/div>\n\t\t\t\t<\/div>\n\t\t\t\t\t<\/div>\n\t\t<\/div>\n\t\t\t\t<div class=\"elementor-column elementor-col-50 elementor-inner-column elementor-element elementor-element-7ad681c\" data-id=\"7ad681c\" data-element_type=\"column\">\n\t\t\t<div class=\"elementor-widget-wrap elementor-element-populated\">\n\t\t\t\t\t\t\t\t<div class=\"elementor-element elementor-element-2d17f97 elementor-widget elementor-widget-heading\" data-id=\"2d17f97\" data-element_type=\"widget\" data-widget_type=\"heading.default\">\n\t\t\t\t<div class=\"elementor-widget-container\">\n\t\t\t<h3 class=\"elementor-heading-title elementor-size-default\">Initiative de soci\u00e9t\u00e9 civile transparente<\/h3>\t\t<\/div>\n\t\t\t\t<\/div>\n\t\t\t\t<div class=\"elementor-element elementor-element-9e2793f elementor-widget elementor-widget-text-editor\" data-id=\"9e2793f\" data-element_type=\"widget\" data-widget_type=\"text-editor.default\">\n\t\t\t\t<div class=\"elementor-widget-container\">\n\t\t\t\t\t\t\t<p>Focus Congo a rejoint l&#039;Initiative de Soci\u00e9t\u00e9 Civile Transparente. Nous publions des informations financi\u00e8res et juridiques sur notre organisation.\u00a0<\/p>\t\t\t\t\t\t<\/div>\n\t\t\t\t<\/div>\n\t\t\t\t<div class=\"elementor-element elementor-element-075e929 elementor-widget elementor-widget-image\" data-id=\"075e929\" data-element_type=\"widget\" data-widget_type=\"image.default\">\n\t\t\t\t<div class=\"elementor-widget-container\">\n\t\t\t\t\t\t\t\t\t\t\t\t\t\t\t\t<a href=\"http:\/\/www.transparente-zivilgesellschaft.de\" target=\"_blank\">\n\t\t\t\t\t\t\t<img decoding=\"async\" width=\"300\" height=\"82\" src=\"https:\/\/www.focuscongo.com\/wp-content\/uploads\/2021\/10\/Transparente_ZivilgesellschaftPNG-300x82.png\" class=\"attachment-medium size-medium wp-image-4347\" alt=\"\" srcset=\"https:\/\/www.focuscongo.com\/wp-content\/uploads\/2021\/10\/Transparente_ZivilgesellschaftPNG-300x82.png 300w, https:\/\/www.focuscongo.com\/wp-content\/uploads\/2021\/10\/Transparente_ZivilgesellschaftPNG-18x5.png 18w, https:\/\/www.focuscongo.com\/wp-content\/uploads\/2021\/10\/Transparente_ZivilgesellschaftPNG-430x117.png 430w, https:\/\/www.focuscongo.com\/wp-content\/uploads\/2021\/10\/Transparente_ZivilgesellschaftPNG-624x170.png 624w, https:\/\/www.focuscongo.com\/wp-content\/uploads\/2021\/10\/Transparente_ZivilgesellschaftPNG-405x110.png 405w, https:\/\/www.focuscongo.com\/wp-content\/uploads\/2021\/10\/Transparente_ZivilgesellschaftPNG-600x163.png 600w, https:\/\/www.focuscongo.com\/wp-content\/uploads\/2021\/10\/Transparente_ZivilgesellschaftPNG.png 735w\" sizes=\"(max-width: 300px) 100vw, 300px\" \/>\t\t\t\t\t\t\t\t<\/a>\n\t\t\t\t\t\t\t\t\t\t\t\t\t\t\t<\/div>\n\t\t\t\t<\/div>\n\t\t\t\t\t<\/div>\n\t\t<\/div>\n\t\t\t\t\t\t\t<\/div>\n\t\t<\/section>\n\t\t\t\t\t<\/div>\n\t\t<\/div>\n\t\t\t\t\t\t\t<\/div>\n\t\t<\/section>\n\t\t\t\t<section class=\"elementor-section elementor-top-section elementor-element elementor-element-466a33e elementor-section-boxed elementor-section-height-default elementor-section-height-default\" data-id=\"466a33e\" data-element_type=\"section\">\n\t\t\t\t\t\t<div class=\"elementor-container elementor-column-gap-default\">\n\t\t\t\t\t<div class=\"elementor-column elementor-col-100 elementor-top-column elementor-element elementor-element-f0d3d9e\" data-id=\"f0d3d9e\" data-element_type=\"column\">\n\t\t\t<div class=\"elementor-widget-wrap elementor-element-populated\">\n\t\t\t\t\t\t\t\t<div class=\"elementor-element elementor-element-0757db6 elementor-widget elementor-widget-heading\" data-id=\"0757db6\" data-element_type=\"widget\" data-widget_type=\"heading.default\">\n\t\t\t\t<div class=\"elementor-widget-container\">\n\t\t\t<h2 class=\"elementor-heading-title elementor-size-default\">Informations sur notre club<\/h2>\t\t<\/div>\n\t\t\t\t<\/div>\n\t\t\t\t<div class=\"elementor-element elementor-element-45855d6 elementor-widget elementor-widget-text-editor\" data-id=\"45855d6\" data-element_type=\"widget\" data-widget_type=\"text-editor.default\">\n\t\t\t\t<div class=\"elementor-widget-container\">\n\t\t\t\t\t\t\t<p><strong>1. Nom, si\u00e8ge social, adresse et ann\u00e9e de cr\u00e9ation<\/strong><\/p><ul><li>Focus Congo eV a \u00e9t\u00e9 fond\u00e9e en 2016 et est depuis enregistr\u00e9e aupr\u00e8s du tribunal de district de Mannheim sous le num\u00e9ro d&#039;enregistrement VR 701700.<\/li><li>Le si\u00e8ge de l&#039;association se trouve R\u00f6ntgenstra\u00dfe 8 \u00e0 76351 Linkenheim-Hochstetten.<\/li><li>Pour plus d&#039;informations contactez : Svenja Rwizibuka \u00e0 info@focuscongo.com<\/li><\/ul><p><strong>2. Statuts complets et informations sur les objectifs de notre association<\/strong><\/p><ul><li>Notre <a href=\"http:\/\/www.focuscongo.com\/wp-content\/uploads\/2022\/01\/210918_Satzung_Focus-Congo-e.V._final.pdf\" target=\"_blank\" rel=\"noopener\">loi<\/a><\/li><li>Notre <a href=\"https:\/\/www.focuscongo.com\/fr\/\" target=\"_blank\" rel=\"noopener\">vision<\/a>, <a href=\"http:\/\/www.focuscongo.com\/fr\/about\/\" target=\"_blank\" rel=\"noopener\">Mission et valeurs<\/a><\/li><\/ul><dl><dd><\/dd><\/dl><p><strong>3. Informations sur les all\u00e9gements fiscaux<\/strong><\/p><ul><li>Notre travail soutient exclusivement et directement les objectifs caritatifs et \u00e0 but non lucratif suivants\u00a0: promotion de la religion, promotion du bien-\u00eatre de la jeunesse, promotion de l&#039;\u00e9ducation et de la formation professionnelle, y compris l&#039;aide aux \u00e9tudiants, promotion de l&#039;assistance aux personnes pers\u00e9cut\u00e9es politiquement, racialement ou religieusement, aux r\u00e9fugi\u00e9s et aux personnes d\u00e9plac\u00e9es. personnes, promotion des attitudes internationales, de la tol\u00e9rance dans tous les domaines de la culture et de l&#039;id\u00e9e de compr\u00e9hension internationale. D&#039;apr\u00e8s le dernier avis d&#039;exon\u00e9ration que nous avons re\u00e7u du bureau des imp\u00f4ts de Karlsruhe-Durlach, l&#039;association Focus Congo eV porte le num\u00e9ro d&#039;imp\u00f4t : 34002\/40513, du 12 novembre 2021, exon\u00e9r\u00e9e de l&#039;imp\u00f4t sur les soci\u00e9t\u00e9s conform\u00e9ment \u00e0 l&#039;article 5, paragraphe 1, n\u00b0 9 de la loi sur l&#039;imp\u00f4t sur les soci\u00e9t\u00e9s et de la taxe professionnelle conform\u00e9ment \u00e0 l&#039;article 3, n\u00b0 6 de la loi sur l&#039;imp\u00f4t sur le travail.<\/li><\/ul><p><strong>4. Nom et fonction des principaux d\u00e9cideurs<\/strong><\/p><ul><li>(Pappy) Orion Boyinkere Rwizibuka (1er pr\u00e9sident et membre fondateur)<\/li><li>Svenja Rwizibuka (conseil d&#039;administration et membre fondateur)<\/li><li>Matthew Lee Mihelic (conseil d&#039;administration et membre fondateur)<\/li><\/ul><p><strong>5. Structure du personnel<\/strong><\/p><ul><li>Le travail de Focus Congo eV est dirig\u00e9 par le conseil d&#039;administration b\u00e9n\u00e9vole. Tous les collaborateurs en Allemagne et au Congo travaillent \u00e9galement b\u00e9n\u00e9volement.\u00a0<a href=\"http:\/\/www.focuscongo.com\/fr\/about\/team\/\" target=\"_blank\" rel=\"noopener\">Rencontrez notre \u00e9quipe<\/a>!<\/li><\/ul><p><strong>6e rapport annuel\u00a0<\/strong><\/p><ul><li><a href=\"http:\/\/www.focuscongo.com\/wp-content\/uploads\/2021\/10\/2020_Jahresbericht_Focus-Congo_e.V._komprimiert.pdf\" target=\"_blank\" rel=\"noopener\">Rapport annuel 2020<\/a>\u00a0<\/li><\/ul><p><strong>7. Rapport financier avec des informations sur la source et l&#039;utilisation des fonds\u00a0<\/strong><\/p><ul><li><a href=\"https:\/\/www.focuscongo.com\/wp-content\/uploads\/2022\/06\/FC_2020_Finanzbericht_mit-Anhang.pdf\" target=\"_blank\" rel=\"noopener\">Rapport financier 2020<\/a>\u00a0<\/li><\/ul><p><strong>8. Liens sociaux avec les tiers<\/strong><\/p><ul><li>Focus Congo eV en Allemagne est l&#039;organisation m\u00e8re de Focus Congo asbl en R\u00e9publique d\u00e9mocratique du Congo. Il n\u2019existe cependant aucun lien social ou juridique entre les deux clubs.<\/li><\/ul><p><strong>9. Noms des personnes dont les paiements annuels repr\u00e9sentent plus de 10% du budget annuel total\u00a0<\/strong><\/p><ul><li>aucun en 2020<\/li><\/ul>\t\t\t\t\t\t<\/div>\n\t\t\t\t<\/div>\n\t\t\t\t\t<\/div>\n\t\t<\/div>\n\t\t\t\t\t\t\t<\/div>\n\t\t<\/section>\n\t\t\t\t<section class=\"elementor-section elementor-top-section elementor-element elementor-element-f6ea77a elementor-section-stretched elementor-section-full_width elementor-section-height-min-height elementor-section-height-default elementor-section-items-middle\" data-id=\"f6ea77a\" data-element_type=\"section\" data-settings=\"{&quot;stretch_section&quot;:&quot;section-stretched&quot;,&quot;background_background&quot;:&quot;classic&quot;}\">\n\t\t\t\t\t\t<div class=\"elementor-container elementor-column-gap-default\">\n\t\t\t\t\t<div class=\"elementor-column elementor-col-100 elementor-top-column elementor-element elementor-element-8c72122\" data-id=\"8c72122\" data-element_type=\"column\">\n\t\t\t<div class=\"elementor-widget-wrap elementor-element-populated\">\n\t\t\t\t\t\t\t\t<section class=\"elementor-section elementor-inner-section elementor-element elementor-element-db5efd2 elementor-section-boxed elementor-section-height-default elementor-section-height-default\" data-id=\"db5efd2\" data-element_type=\"section\">\n\t\t\t\t\t\t<div class=\"elementor-container elementor-column-gap-default\">\n\t\t\t\t\t<div class=\"elementor-column elementor-col-100 elementor-inner-column elementor-element elementor-element-3e44cd8\" data-id=\"3e44cd8\" data-element_type=\"column\">\n\t\t\t<div class=\"elementor-widget-wrap elementor-element-populated\">\n\t\t\t\t\t\t\t\t<div class=\"elementor-element elementor-element-4f9f28f elementor-widget elementor-widget-heading\" data-id=\"4f9f28f\" data-element_type=\"widget\" data-widget_type=\"heading.default\">\n\t\t\t\t<div class=\"elementor-widget-container\">\n\t\t\t<h1 class=\"elementor-heading-title elementor-size-default\">Mon engagement pour la paix <br>au Congo<\/h1>\t\t<\/div>\n\t\t\t\t<\/div>\n\t\t\t\t<div class=\"elementor-element elementor-element-80d8a00 elementor-widget elementor-widget-text-editor\" data-id=\"80d8a00\" data-element_type=\"widget\" data-widget_type=\"text-editor.default\">\n\t\t\t\t<div class=\"elementor-widget-container\">\n\t\t\t\t\t\t\t<p><a class=\"lila\" href=\"https:\/\/www.focuscongo.com\/fr\/unterstuetzen\/gebet\/info\/\" rel=\"noopener\">je prie<\/a> <a class=\"lila\" href=\"https:\/\/www.focuscongo.com\/fr\/spende\/\" rel=\"noopener\">je fais un don<\/a><\/p>\t\t\t\t\t\t<\/div>\n\t\t\t\t<\/div>\n\t\t\t\t\t<\/div>\n\t\t<\/div>\n\t\t\t\t\t\t\t<\/div>\n\t\t<\/section>\n\t\t\t\t\t<\/div>\n\t\t<\/div>\n\t\t\t\t\t\t\t<\/div>\n\t\t<\/section>\n\t\t\t\t<section class=\"elementor-section elementor-top-section elementor-element elementor-element-92d2207 elementor-section-boxed elementor-section-height-default elementor-section-height-default\" data-id=\"92d2207\" data-element_type=\"section\">\n\t\t\t\t\t\t<div class=\"elementor-container elementor-column-gap-default\">\n\t\t\t\t\t<div class=\"elementor-column elementor-col-100 elementor-top-column elementor-element elementor-element-ed75a3f\" data-id=\"ed75a3f\" data-element_type=\"column\">\n\t\t\t<div class=\"elementor-widget-wrap elementor-element-populated\">\n\t\t\t\t\t\t\t\t<div class=\"elementor-element elementor-element-9fc615c elementor-widget elementor-widget-spacer\" data-id=\"9fc615c\" data-element_type=\"widget\" data-widget_type=\"spacer.default\">\n\t\t\t\t<div class=\"elementor-widget-container\">\n\t\t\t\t\t<div class=\"elementor-spacer\">\n\t\t\t<div class=\"elementor-spacer-inner\"><\/div>\n\t\t<\/div>\n\t\t\t\t<\/div>\n\t\t\t\t<\/div>\n\t\t\t\t\t<\/div>\n\t\t<\/div>\n\t\t\t\t\t\t\t<\/div>\n\t\t<\/section>\n\t\t\t\t<section class=\"elementor-section elementor-top-section elementor-element elementor-element-fe2cc2b elementor-section-boxed elementor-section-height-default elementor-section-height-default\" data-id=\"fe2cc2b\" data-element_type=\"section\">\n\t\t\t\t\t\t<div class=\"elementor-container elementor-column-gap-default\">\n\t\t\t\t\t<div class=\"elementor-column elementor-col-100 elementor-top-column elementor-element elementor-element-913bdde\" data-id=\"913bdde\" data-element_type=\"column\">\n\t\t\t<div class=\"elementor-widget-wrap elementor-element-populated\">\n\t\t\t\t\t\t\t\t<div class=\"elementor-element elementor-element-554be0b elementor-widget elementor-widget-heading\" data-id=\"554be0b\" data-element_type=\"widget\" data-widget_type=\"heading.default\">\n\t\t\t\t<div class=\"elementor-widget-container\">\n\t\t\t<h1 class=\"elementor-heading-title elementor-size-default\">Des questions?<\/h1>\t\t<\/div>\n\t\t\t\t<\/div>\n\t\t\t\t<div class=\"elementor-element elementor-element-c5cee80 elementor-widget elementor-widget-text-editor\" data-id=\"c5cee80\" data-element_type=\"widget\" data-widget_type=\"text-editor.default\">\n\t\t\t\t<div class=\"elementor-widget-container\">\n\t\t\t\t\t\t\t<p style=\"text-align: center;\">Nous attendons avec impatience chaque contact, suggestion et id\u00e9e !<\/p>\t\t\t\t\t\t<\/div>\n\t\t\t\t<\/div>\n\t\t\t\t<div class=\"elementor-element elementor-element-a794422 elementor-widget elementor-widget-text-editor\" data-id=\"a794422\" data-element_type=\"widget\" data-widget_type=\"text-editor.default\">\n\t\t\t\t<div class=\"elementor-widget-container\">\n\t\t\t\t\t\t\t<p><a class=\"lila\" href=\"https:\/\/www.focuscongo.com\/fr\/kontakt\/\" rel=\"noopener\">Contact<\/a><\/p>\t\t\t\t\t\t<\/div>\n\t\t\t\t<\/div>\n\t\t\t\t\t<\/div>\n\t\t<\/div>\n\t\t\t\t\t\t\t<\/div>\n\t\t<\/section>\n\t\t\t\t\t\t\t<\/div>","protected":false},"excerpt":{"rendered":"<p>Transparenz ist uns wichtig Wir legen gro\u00dfen Wert auf Integrit\u00e4t, Verantwortlichkeit und Transparenz. Lesen Sie, wie viel Unterst\u00fctzung wir erhalten haben und wie wir die uns anvertrauten Mittel verwendet haben.\u00a0Wir sch\u00e4tzen jede Spende, die wir erhalten. Seien Sie gesegnet f\u00fcr das, was Sie gro\u00dfz\u00fcgig und von Herzen gegeben haben! Deutsche Evangelische Allianz Focus Congo ist&#8230;<a class=\"excerpt-link\" href=\"https:\/\/www.focuscongo.com\/fr\/ueber-uns\/transparenz\/\">continuer la lecture <span class=\"screen-reader-text\">transparence<\/span> <span class=\"meta-nav\" aria-hidden=\"true\">\u2192<\/span><\/a><\/p>","protected":false},"author":1,"featured_media":6183,"parent":4689,"menu_order":0,"comment_status":"closed","ping_status":"closed","template":"page-templates\/grid-template.php","meta":{"footnotes":""},"folder":[61],"_links":{"self":[{"href":"https:\/\/www.focuscongo.com\/fr\/wp-json\/wp\/v2\/pages\/4519"}],"collection":[{"href":"https:\/\/www.focuscongo.com\/fr\/wp-json\/wp\/v2\/pages"}],"about":[{"href":"https:\/\/www.focuscongo.com\/fr\/wp-json\/wp\/v2\/types\/page"}],"author":[{"embeddable":true,"href":"https:\/\/www.focuscongo.com\/fr\/wp-json\/wp\/v2\/users\/1"}],"replies":[{"embeddable":true,"href":"https:\/\/www.focuscongo.com\/fr\/wp-json\/wp\/v2\/comments?post=4519"}],"version-history":[{"count":59,"href":"https:\/\/www.focuscongo.com\/fr\/wp-json\/wp\/v2\/pages\/4519\/revisions"}],"predecessor-version":[{"id":6234,"href":"https:\/\/www.focuscongo.com\/fr\/wp-json\/wp\/v2\/pages\/4519\/revisions\/6234"}],"up":[{"embeddable":true,"href":"https:\/\/www.focuscongo.com\/fr\/wp-json\/wp\/v2\/pages\/4689"}],"wp:featuredmedia":[{"embeddable":true,"href":"https:\/\/www.focuscongo.com\/fr\/wp-json\/wp\/v2\/media\/6183"}],"wp:attachment":[{"href":"https:\/\/www.focuscongo.com\/fr\/wp-json\/wp\/v2\/media?parent=4519"}],"wp:term":[{"taxonomy":"folder","embeddable":true,"href":"https:\/\/www.focuscongo.com\/fr\/wp-json\/wp\/v2\/folder?post=4519"}],"curies":[{"name":"wp","href":"https:\/\/api.w.org\/{rel}","templated":true}]}}