{"id":4660,"date":"2022-06-29T14:11:11","date_gmt":"2022-06-29T12:11:11","guid":{"rendered":"https:\/\/www.focuscongo.com\/?page_id=4660"},"modified":"2022-09-04T22:09:39","modified_gmt":"2022-09-04T20:09:39","slug":"gebet","status":"publish","type":"page","link":"https:\/\/www.focuscongo.com\/fr\/unterstuetzen\/gebet\/","title":{"rendered":"pri\u00e8re"},"content":{"rendered":"<p>Nous croyons en la pri\u00e8re comme moteur de la paix au Congo. Ensemble, \u00e9levons le peuple et la nation congolais dans la pri\u00e8re... <a href=\"https:\/\/www.focuscongo.com\/fr\/unterstuetzen\/gebet\/info\/\">apprendre encore plus<\/a><\/p>","protected":false},"excerpt":{"rendered":"<p>Wir glauben an Gebet als eine treibende Kraft f\u00fcr Frieden im Kongo. Lassen Sie uns gemeinsam das kongolesische Volk und die Nation im Gebet erheben&#8230; mehr erfahren<\/p>","protected":false},"author":1,"featured_media":6423,"parent":5031,"menu_order":405,"comment_status":"closed","ping_status":"closed","template":"","meta":{"footnotes":""},"folder":[60],"_links":{"self":[{"href":"https:\/\/www.focuscongo.com\/fr\/wp-json\/wp\/v2\/pages\/4660"}],"collection":[{"href":"https:\/\/www.focuscongo.com\/fr\/wp-json\/wp\/v2\/pages"}],"about":[{"href":"https:\/\/www.focuscongo.com\/fr\/wp-json\/wp\/v2\/types\/page"}],"author":[{"embeddable":true,"href":"https:\/\/www.focuscongo.com\/fr\/wp-json\/wp\/v2\/users\/1"}],"replies":[{"embeddable":true,"href":"https:\/\/www.focuscongo.com\/fr\/wp-json\/wp\/v2\/comments?post=4660"}],"version-history":[{"count":5,"href":"https:\/\/www.focuscongo.com\/fr\/wp-json\/wp\/v2\/pages\/4660\/revisions"}],"predecessor-version":[{"id":6413,"href":"https:\/\/www.focuscongo.com\/fr\/wp-json\/wp\/v2\/pages\/4660\/revisions\/6413"}],"up":[{"embeddable":true,"href":"https:\/\/www.focuscongo.com\/fr\/wp-json\/wp\/v2\/pages\/5031"}],"wp:featuredmedia":[{"embeddable":true,"href":"https:\/\/www.focuscongo.com\/fr\/wp-json\/wp\/v2\/media\/6423"}],"wp:attachment":[{"href":"https:\/\/www.focuscongo.com\/fr\/wp-json\/wp\/v2\/media?parent=4660"}],"wp:term":[{"taxonomy":"folder","embeddable":true,"href":"https:\/\/www.focuscongo.com\/fr\/wp-json\/wp\/v2\/folder?post=4660"}],"curies":[{"name":"wp","href":"https:\/\/api.w.org\/{rel}","templated":true}]}}