{"id":4664,"date":"2022-06-29T14:26:59","date_gmt":"2022-06-29T12:26:59","guid":{"rendered":"https:\/\/www.focuscongo.com\/?page_id=4664"},"modified":"2022-09-04T22:12:50","modified_gmt":"2022-09-04T20:12:50","slug":"info","status":"publish","type":"page","link":"https:\/\/www.focuscongo.com\/fr\/unterstuetzen\/gebet\/info\/","title":{"rendered":"pri\u00e8re"},"content":{"rendered":"<div data-elementor-type=\"wp-post\" data-elementor-id=\"4664\" class=\"elementor elementor-4664\" data-elementor-post-type=\"page\">\n\t\t\t\t\t\t\t\t\t<section class=\"elementor-section elementor-top-section elementor-element elementor-element-df5b485 elementor-section-boxed elementor-section-height-default elementor-section-height-default\" data-id=\"df5b485\" data-element_type=\"section\">\n\t\t\t\t\t\t<div class=\"elementor-container elementor-column-gap-default\">\n\t\t\t\t\t<div class=\"elementor-column elementor-col-100 elementor-top-column elementor-element elementor-element-2c4610a\" data-id=\"2c4610a\" data-element_type=\"column\">\n\t\t\t<div class=\"elementor-widget-wrap elementor-element-populated\">\n\t\t\t\t\t\t\t\t<div class=\"elementor-element elementor-element-09f74cd elementor-widget elementor-widget-text-editor\" data-id=\"09f74cd\" data-element_type=\"widget\" data-widget_type=\"text-editor.default\">\n\t\t\t\t<div class=\"elementor-widget-container\">\n\t\t\t\t\t\t\t<p style=\"text-align: center;\"><strong>\u00ab Priez les uns pour les autres afin que vous soyez en bonne sant\u00e9. La pri\u00e8re des justes peut faire beaucoup si elle est sinc\u00e8re.<\/strong>&nbsp;<em>(Jacques 5:16)<\/em><\/p>\t\t\t\t\t\t<\/div>\n\t\t\t\t<\/div>\n\t\t\t\t\t<\/div>\n\t\t<\/div>\n\t\t\t\t\t\t\t<\/div>\n\t\t<\/section>\n\t\t\t\t<section class=\"elementor-section elementor-top-section elementor-element elementor-element-33b3f76 elementor-section-boxed elementor-section-height-default elementor-section-height-default\" data-id=\"33b3f76\" data-element_type=\"section\">\n\t\t\t\t\t\t<div class=\"elementor-container elementor-column-gap-default\">\n\t\t\t\t\t<div class=\"elementor-column elementor-col-100 elementor-top-column elementor-element elementor-element-b8fe522\" data-id=\"b8fe522\" data-element_type=\"column\">\n\t\t\t<div class=\"elementor-widget-wrap elementor-element-populated\">\n\t\t\t\t\t\t\t\t<div class=\"elementor-element elementor-element-417efdb elementor-widget elementor-widget-spacer\" data-id=\"417efdb\" data-element_type=\"widget\" data-widget_type=\"spacer.default\">\n\t\t\t\t<div class=\"elementor-widget-container\">\n\t\t\t\t\t<div class=\"elementor-spacer\">\n\t\t\t<div class=\"elementor-spacer-inner\"><\/div>\n\t\t<\/div>\n\t\t\t\t<\/div>\n\t\t\t\t<\/div>\n\t\t\t\t<div class=\"elementor-element elementor-element-6728e4a elementor-widget elementor-widget-heading\" data-id=\"6728e4a\" data-element_type=\"widget\" data-widget_type=\"heading.default\">\n\t\t\t\t<div class=\"elementor-widget-container\">\n\t\t\t<h1 class=\"elementor-heading-title elementor-size-default\">Prier pour...<\/h1>\t\t<\/div>\n\t\t\t\t<\/div>\n\t\t\t\t<section class=\"elementor-section elementor-inner-section elementor-element elementor-element-8670147 elementor-section-boxed elementor-section-height-default elementor-section-height-default\" data-id=\"8670147\" data-element_type=\"section\">\n\t\t\t\t\t\t<div class=\"elementor-container elementor-column-gap-default\">\n\t\t\t\t\t<div class=\"elementor-column elementor-col-100 elementor-inner-column elementor-element elementor-element-8926218\" data-id=\"8926218\" data-element_type=\"column\">\n\t\t\t<div class=\"elementor-widget-wrap elementor-element-populated\">\n\t\t\t\t\t\t\t\t<div class=\"elementor-element elementor-element-8efb8f9 elementor-widget elementor-widget-text-editor\" data-id=\"8efb8f9\" data-element_type=\"widget\" data-widget_type=\"text-editor.default\">\n\t\t\t\t<div class=\"elementor-widget-container\">\n\t\t\t\t\t\t\t<p style=\"text-align: center;\"><a class=\"lila\" href=\"https:\/\/www.focuscongo.com\/wp-content\/uploads\/2022\/06\/focus-congo-gebetsanliegen.pdf\" rel=\"noopener\">Demandes de pri\u00e8re \u00e0 t\u00e9l\u00e9charger<\/a><\/p>\t\t\t\t\t\t<\/div>\n\t\t\t\t<\/div>\n\t\t\t\t\t<\/div>\n\t\t<\/div>\n\t\t\t\t\t\t\t<\/div>\n\t\t<\/section>\n\t\t\t\t<section class=\"elementor-section elementor-inner-section elementor-element elementor-element-89b4f1b elementor-section-boxed elementor-section-height-default elementor-section-height-default\" data-id=\"89b4f1b\" data-element_type=\"section\">\n\t\t\t\t\t\t<div class=\"elementor-container elementor-column-gap-default\">\n\t\t\t\t\t<div class=\"elementor-column elementor-col-50 elementor-inner-column elementor-element elementor-element-39ed28b\" data-id=\"39ed28b\" data-element_type=\"column\">\n\t\t\t<div class=\"elementor-widget-wrap elementor-element-populated\">\n\t\t\t\t\t\t\t\t<div class=\"elementor-element elementor-element-244c9cc elementor-widget elementor-widget-image\" data-id=\"244c9cc\" data-element_type=\"widget\" data-widget_type=\"image.default\">\n\t\t\t\t<div class=\"elementor-widget-container\">\n\t\t\t\t\t\t\t\t\t\t\t\t\t\t\t<img fetchpriority=\"high\" decoding=\"async\" width=\"870\" height=\"870\" src=\"https:\/\/www.focuscongo.com\/wp-content\/uploads\/2020\/03\/PHOTO-2020-03-21-16-08-44.jpg\" class=\"attachment-large size-large wp-image-3597\" alt=\"\" srcset=\"https:\/\/www.focuscongo.com\/wp-content\/uploads\/2020\/03\/PHOTO-2020-03-21-16-08-44.jpg 1024w, https:\/\/www.focuscongo.com\/wp-content\/uploads\/2020\/03\/PHOTO-2020-03-21-16-08-44-150x150.jpg 150w, https:\/\/www.focuscongo.com\/wp-content\/uploads\/2020\/03\/PHOTO-2020-03-21-16-08-44-300x300.jpg 300w, https:\/\/www.focuscongo.com\/wp-content\/uploads\/2020\/03\/PHOTO-2020-03-21-16-08-44-768x768.jpg 768w, https:\/\/www.focuscongo.com\/wp-content\/uploads\/2020\/03\/PHOTO-2020-03-21-16-08-44-430x430.jpg 430w, https:\/\/www.focuscongo.com\/wp-content\/uploads\/2020\/03\/PHOTO-2020-03-21-16-08-44-624x624.jpg 624w, https:\/\/www.focuscongo.com\/wp-content\/uploads\/2020\/03\/PHOTO-2020-03-21-16-08-44-870x870.jpg 870w, https:\/\/www.focuscongo.com\/wp-content\/uploads\/2020\/03\/PHOTO-2020-03-21-16-08-44-405x405.jpg 405w, https:\/\/www.focuscongo.com\/wp-content\/uploads\/2020\/03\/PHOTO-2020-03-21-16-08-44-600x600.jpg 600w, https:\/\/www.focuscongo.com\/wp-content\/uploads\/2020\/03\/PHOTO-2020-03-21-16-08-44-100x100.jpg 100w\" sizes=\"(max-width: 870px) 100vw, 870px\" \/>\t\t\t\t\t\t\t\t\t\t\t\t\t\t\t<\/div>\n\t\t\t\t<\/div>\n\t\t\t\t\t<\/div>\n\t\t<\/div>\n\t\t\t\t<div class=\"elementor-column elementor-col-50 elementor-inner-column elementor-element elementor-element-a8e3ce3\" data-id=\"a8e3ce3\" data-element_type=\"column\">\n\t\t\t<div class=\"elementor-widget-wrap elementor-element-populated\">\n\t\t\t\t\t\t\t\t<div class=\"elementor-element elementor-element-aa48be1 elementor-widget elementor-widget-heading\" data-id=\"aa48be1\" data-element_type=\"widget\" data-widget_type=\"heading.default\">\n\t\t\t\t<div class=\"elementor-widget-container\">\n\t\t\t<h3 class=\"elementor-heading-title elementor-size-default\">... le peuple du Congo<\/h3>\t\t<\/div>\n\t\t\t\t<\/div>\n\t\t\t\t<div class=\"elementor-element elementor-element-24fe981 elementor-widget elementor-widget-text-editor\" data-id=\"24fe981\" data-element_type=\"widget\" data-widget_type=\"text-editor.default\">\n\t\t\t\t<div class=\"elementor-widget-container\">\n\t\t\t\t\t\t\t<ul><li><b>pour les jeunes<\/b>\u00a0\u2013 Plus de 45 % de la population a moins de 15 ans ! Merci de prier pour cette jeune g\u00e9n\u00e9ration en herbe afin qu&#039;elle apprenne \u00e0 trouver son chemin dans la vie malgr\u00e9 la pauvret\u00e9, l&#039;injustice et le manque de perspectives et qu&#039;elle apprenne \u00e0 avoir une influence positive sur son pays. <em>(1 Timoth\u00e9e 4:12)<\/em><i>.<\/i><\/li><li><em><strong style=\"font-style: normal;\">pour l&#039;espoir<\/strong>\u00a0<\/em>\u2013 S\u2019il vous pla\u00eet, priez pour une esp\u00e9rance c\u00e9leste qui ne s\u2019efface jamais. Veuillez prier pour que le peuple congolais n&#039;ait pas peur de r\u00eaver et de poursuivre ses r\u00eaves. Notre Dieu est un Dieu d&#039;esp\u00e9rance\u00a0<em>(Romains 15:13)<\/em>.<\/li><li><em><strong style=\"font-style: normal;\">pour les emplois<\/strong>\u00a0&#8211; <\/em>Veuillez prier pour la reprise \u00e9conomique, pour que des opportunit\u00e9s d&#039;emploi s&#039;ouvrent aux Congolais et pour que les familles puissent subvenir \u00e0 leurs besoins.\u00a0<i>(Psaume 90:17).<\/i><\/li><li><b>pour la sant\u00e9\u00a0<\/b>\u2013 Au Congo, il n\u2019y a pas de syst\u00e8me de sant\u00e9 fonctionnel, pas d\u2019acc\u00e8s \u00e0 l\u2019eau potable, beaucoup de traumatismes dus \u00e0 la guerre et \u00e0 la violence\u2026 Veuillez prier pour la gu\u00e9rison int\u00e9rieure et ext\u00e9rieure du peuple du Congo. La bonne sant\u00e9 et le r\u00e9tablissement sont essentiels au bien-\u00eatre de chaque personne et font partie du c\u0153ur de Dieu.\u00a0<em>(J\u00e9r\u00e9mie 30:17)<\/em><\/li><\/ul>\t\t\t\t\t\t<\/div>\n\t\t\t\t<\/div>\n\t\t\t\t\t<\/div>\n\t\t<\/div>\n\t\t\t\t\t\t\t<\/div>\n\t\t<\/section>\n\t\t\t\t<section class=\"elementor-section elementor-inner-section elementor-element elementor-element-7946813 elementor-section-boxed elementor-section-height-default elementor-section-height-default\" data-id=\"7946813\" data-element_type=\"section\">\n\t\t\t\t\t\t<div class=\"elementor-container elementor-column-gap-default\">\n\t\t\t\t\t<div class=\"elementor-column elementor-col-50 elementor-inner-column elementor-element elementor-element-de2baa7\" data-id=\"de2baa7\" data-element_type=\"column\">\n\t\t\t<div class=\"elementor-widget-wrap elementor-element-populated\">\n\t\t\t\t\t\t\t\t<div class=\"elementor-element elementor-element-a83f741 elementor-widget elementor-widget-image\" data-id=\"a83f741\" data-element_type=\"widget\" data-widget_type=\"image.default\">\n\t\t\t\t<div class=\"elementor-widget-container\">\n\t\t\t\t\t\t\t\t\t\t\t\t\t\t\t<img decoding=\"async\" width=\"870\" height=\"870\" src=\"https:\/\/www.focuscongo.com\/wp-content\/uploads\/2020\/03\/PHOTO-2020-03-21-16-09-25-1024x1024.jpg\" class=\"attachment-large size-large wp-image-3598\" alt=\"\" srcset=\"https:\/\/www.focuscongo.com\/wp-content\/uploads\/2020\/03\/PHOTO-2020-03-21-16-09-25-1024x1024.jpg 1024w, https:\/\/www.focuscongo.com\/wp-content\/uploads\/2020\/03\/PHOTO-2020-03-21-16-09-25-150x150.jpg 150w, https:\/\/www.focuscongo.com\/wp-content\/uploads\/2020\/03\/PHOTO-2020-03-21-16-09-25-300x300.jpg 300w, https:\/\/www.focuscongo.com\/wp-content\/uploads\/2020\/03\/PHOTO-2020-03-21-16-09-25-768x768.jpg 768w, https:\/\/www.focuscongo.com\/wp-content\/uploads\/2020\/03\/PHOTO-2020-03-21-16-09-25-430x430.jpg 430w, https:\/\/www.focuscongo.com\/wp-content\/uploads\/2020\/03\/PHOTO-2020-03-21-16-09-25.jpg 1280w, https:\/\/www.focuscongo.com\/wp-content\/uploads\/2020\/03\/PHOTO-2020-03-21-16-09-25-624x624.jpg 624w, https:\/\/www.focuscongo.com\/wp-content\/uploads\/2020\/03\/PHOTO-2020-03-21-16-09-25-870x870.jpg 870w, https:\/\/www.focuscongo.com\/wp-content\/uploads\/2020\/03\/PHOTO-2020-03-21-16-09-25-405x405.jpg 405w, https:\/\/www.focuscongo.com\/wp-content\/uploads\/2020\/03\/PHOTO-2020-03-21-16-09-25-600x600.jpg 600w, https:\/\/www.focuscongo.com\/wp-content\/uploads\/2020\/03\/PHOTO-2020-03-21-16-09-25-100x100.jpg 100w\" sizes=\"(max-width: 870px) 100vw, 870px\" \/>\t\t\t\t\t\t\t\t\t\t\t\t\t\t\t<\/div>\n\t\t\t\t<\/div>\n\t\t\t\t\t<\/div>\n\t\t<\/div>\n\t\t\t\t<div class=\"elementor-column elementor-col-50 elementor-inner-column elementor-element elementor-element-9c0909d\" data-id=\"9c0909d\" data-element_type=\"column\">\n\t\t\t<div class=\"elementor-widget-wrap elementor-element-populated\">\n\t\t\t\t\t\t\t\t<div class=\"elementor-element elementor-element-a60f5b2 elementor-widget elementor-widget-heading\" data-id=\"a60f5b2\" data-element_type=\"widget\" data-widget_type=\"heading.default\">\n\t\t\t\t<div class=\"elementor-widget-container\">\n\t\t\t<h3 class=\"elementor-heading-title elementor-size-default\">... La nation<\/h3>\t\t<\/div>\n\t\t\t\t<\/div>\n\t\t\t\t<div class=\"elementor-element elementor-element-93b10f6 elementor-widget elementor-widget-text-editor\" data-id=\"93b10f6\" data-element_type=\"widget\" data-widget_type=\"text-editor.default\">\n\t\t\t\t<div class=\"elementor-widget-container\">\n\t\t\t\t\t\t\t<ul><li><strong>pour la paix<\/strong>\u00a0\u2013 Veuillez prier pour les artisans de paix au Congo. Priez pour que les cerveaux de la guerre abandonnent leurs machinations et que les groupes arm\u00e9s d\u00e9posent les armes. Nous croyons que Dieu a plus pour le peuple du Congo et savons que la voie de Dieu est pacifique.\u00a0<em>(Matthieu 5:9).<\/em><\/li><li><span style=\"font-weight: bold;\">pour la sagesse\u00a0<\/span>\u2013 Merci de prier pour les d\u00e9cideurs politiques, \u00e9conomiques et sociaux afin qu\u2019ils g\u00e8rent leurs t\u00e2ches, leurs ressources et les personnes qui leur sont confi\u00e9es de mani\u00e8re responsable.\u00a0<em>(Proverbes 24:3-4<\/em><em style=\"font-size: 1rem;\">).<\/em><\/li><li><em><strong style=\"font-style: normal;\">contre la corruption<\/strong>\u00a0<\/em>\u2013 Veuillez prier pour que les plans des corrompus \u00e9chouent et que les voies des justes conduisent au bien-\u00eatre du peuple.<em>\u00a0(Psaume 1:6).<\/em><\/li><\/ul>\t\t\t\t\t\t<\/div>\n\t\t\t\t<\/div>\n\t\t\t\t\t<\/div>\n\t\t<\/div>\n\t\t\t\t\t\t\t<\/div>\n\t\t<\/section>\n\t\t\t\t<section class=\"elementor-section elementor-inner-section elementor-element elementor-element-aa269a7 elementor-section-boxed elementor-section-height-default elementor-section-height-default\" data-id=\"aa269a7\" data-element_type=\"section\">\n\t\t\t\t\t\t<div class=\"elementor-container elementor-column-gap-default\">\n\t\t\t\t\t<div class=\"elementor-column elementor-col-50 elementor-inner-column elementor-element elementor-element-0962ec8\" data-id=\"0962ec8\" data-element_type=\"column\">\n\t\t\t<div class=\"elementor-widget-wrap elementor-element-populated\">\n\t\t\t\t\t\t\t\t<div class=\"elementor-element elementor-element-d8e948f elementor-widget elementor-widget-image\" data-id=\"d8e948f\" data-element_type=\"widget\" data-widget_type=\"image.default\">\n\t\t\t\t<div class=\"elementor-widget-container\">\n\t\t\t\t\t\t\t\t\t\t\t\t\t\t\t<img decoding=\"async\" width=\"870\" height=\"870\" src=\"https:\/\/www.focuscongo.com\/wp-content\/uploads\/2020\/03\/PHOTO-2020-03-21-16-21-37-1024x1024.jpg\" class=\"attachment-large size-large wp-image-3601\" alt=\"\" srcset=\"https:\/\/www.focuscongo.com\/wp-content\/uploads\/2020\/03\/PHOTO-2020-03-21-16-21-37-1024x1024.jpg 1024w, https:\/\/www.focuscongo.com\/wp-content\/uploads\/2020\/03\/PHOTO-2020-03-21-16-21-37-150x150.jpg 150w, https:\/\/www.focuscongo.com\/wp-content\/uploads\/2020\/03\/PHOTO-2020-03-21-16-21-37-300x300.jpg 300w, https:\/\/www.focuscongo.com\/wp-content\/uploads\/2020\/03\/PHOTO-2020-03-21-16-21-37-768x768.jpg 768w, https:\/\/www.focuscongo.com\/wp-content\/uploads\/2020\/03\/PHOTO-2020-03-21-16-21-37-430x430.jpg 430w, https:\/\/www.focuscongo.com\/wp-content\/uploads\/2020\/03\/PHOTO-2020-03-21-16-21-37.jpg 1280w, https:\/\/www.focuscongo.com\/wp-content\/uploads\/2020\/03\/PHOTO-2020-03-21-16-21-37-624x624.jpg 624w, https:\/\/www.focuscongo.com\/wp-content\/uploads\/2020\/03\/PHOTO-2020-03-21-16-21-37-870x870.jpg 870w, https:\/\/www.focuscongo.com\/wp-content\/uploads\/2020\/03\/PHOTO-2020-03-21-16-21-37-405x405.jpg 405w, https:\/\/www.focuscongo.com\/wp-content\/uploads\/2020\/03\/PHOTO-2020-03-21-16-21-37-600x600.jpg 600w, https:\/\/www.focuscongo.com\/wp-content\/uploads\/2020\/03\/PHOTO-2020-03-21-16-21-37-100x100.jpg 100w\" sizes=\"(max-width: 870px) 100vw, 870px\" \/>\t\t\t\t\t\t\t\t\t\t\t\t\t\t\t<\/div>\n\t\t\t\t<\/div>\n\t\t\t\t\t<\/div>\n\t\t<\/div>\n\t\t\t\t<div class=\"elementor-column elementor-col-50 elementor-inner-column elementor-element elementor-element-5b47591\" data-id=\"5b47591\" data-element_type=\"column\">\n\t\t\t<div class=\"elementor-widget-wrap elementor-element-populated\">\n\t\t\t\t\t\t\t\t<div class=\"elementor-element elementor-element-7e3849f elementor-widget elementor-widget-heading\" data-id=\"7e3849f\" data-element_type=\"widget\" data-widget_type=\"heading.default\">\n\t\t\t\t<div class=\"elementor-widget-container\">\n\t\t\t<h3 class=\"elementor-heading-title elementor-size-default\">... Focus sur le Congo en tant qu&#039;organisation<\/h3>\t\t<\/div>\n\t\t\t\t<\/div>\n\t\t\t\t<div class=\"elementor-element elementor-element-9a05e8a elementor-widget elementor-widget-text-editor\" data-id=\"9a05e8a\" data-element_type=\"widget\" data-widget_type=\"text-editor.default\">\n\t\t\t\t<div class=\"elementor-widget-container\">\n\t\t\t\t\t\t\t<ul><li><strong>pour notre \u00e9quipe <\/strong>en Allemagne et au Congo (Bukavu et Goma), pour une communication bonne et ouverte entre eux. Nous cherchons ensemble la voie de Dieu, la reconnaissons et la suivons comme une unit\u00e9.<\/li><li><strong>pour les personnes avec qui nous travaillons <\/strong>\u2013 qu\u2019ils seront prot\u00e9g\u00e9s, remplis d\u2019espoir et guid\u00e9s dans la prise de d\u00e9cisions concernant leur vie.<\/li><li><strong>pour l&#039;inspiration et la sagesse <\/strong>par quelles portes nous devons passer, quels objectifs nous devons poursuivre et quand il est temps de dire \u00ab non \u00bb. Veuillez prier pour que nous restions sensibles au fait que Dieu parle et travaille en nous et \u00e0 travers nous.<\/li><li><strong>pour le soutien\u00a0<\/strong>\u2013 Merci de prier pour que Dieu nous permette de rencontrer des gens au bon moment et de toucher leurs c\u0153urs pour le travail de Focus Congo. Que nous trouvions des soutiens qui nous soutiennent par la pri\u00e8re et financi\u00e8rement - \u00e9galement \u00e0 long terme.<\/li><\/ul>\t\t\t\t\t\t<\/div>\n\t\t\t\t<\/div>\n\t\t\t\t\t<\/div>\n\t\t<\/div>\n\t\t\t\t\t\t\t<\/div>\n\t\t<\/section>\n\t\t\t\t\t<\/div>\n\t\t<\/div>\n\t\t\t\t\t\t\t<\/div>\n\t\t<\/section>\n\t\t\t\t<section class=\"elementor-section elementor-top-section elementor-element elementor-element-5a42938 elementor-section-stretched elementor-section-height-min-height elementor-section-boxed elementor-section-height-default elementor-section-items-middle\" data-id=\"5a42938\" data-element_type=\"section\" data-settings=\"{&quot;stretch_section&quot;:&quot;section-stretched&quot;,&quot;background_background&quot;:&quot;classic&quot;}\">\n\t\t\t\t\t\t<div class=\"elementor-container elementor-column-gap-default\">\n\t\t\t\t\t<div class=\"elementor-column elementor-col-100 elementor-top-column elementor-element elementor-element-d9b0b35\" data-id=\"d9b0b35\" data-element_type=\"column\">\n\t\t\t<div class=\"elementor-widget-wrap elementor-element-populated\">\n\t\t\t\t\t\t\t\t<div class=\"elementor-element elementor-element-f261317 elementor-widget elementor-widget-heading\" data-id=\"f261317\" data-element_type=\"widget\" data-widget_type=\"heading.default\">\n\t\t\t\t<div class=\"elementor-widget-container\">\n\t\t\t<h1 class=\"elementor-heading-title elementor-size-default\">En savoir plus sur notre travail<\/h1>\t\t<\/div>\n\t\t\t\t<\/div>\n\t\t\t\t<div class=\"elementor-element elementor-element-c026a75 elementor-widget elementor-widget-text-editor\" data-id=\"c026a75\" data-element_type=\"widget\" data-widget_type=\"text-editor.default\">\n\t\t\t\t<div class=\"elementor-widget-container\">\n\t\t\t\t\t\t\t<p style=\"text-align: right;\"><a class=\"lila\" href=\"https:\/\/www.focuscongo.com\/fr\/donate\/\" rel=\"noopener\">Projets<\/a> <a class=\"lila\" href=\"https:\/\/www.focuscongo.com\/fr\/donate\/\" rel=\"noopener\">Faire un don maintenant<\/a><\/p>\t\t\t\t\t\t<\/div>\n\t\t\t\t<\/div>\n\t\t\t\t\t<\/div>\n\t\t<\/div>\n\t\t\t\t\t\t\t<\/div>\n\t\t<\/section>\n\t\t\t\t\t\t\t<\/div>","protected":false},"excerpt":{"rendered":"<p>&#8222;Betet f\u00fcreinander, damit ihr gesund werdet. Des Gerechten Gebet vermag viel, wenn es ernstlich ist.&#8220;&nbsp;(Jakobus 5:16) Beten Sie f\u00fcr&#8230; Gebetsanliegen zum Download &#8230; die menschen im Kongo f\u00fcr junge Menschen&nbsp;&#8211;&nbsp;Mehr als 45 % der Bev\u00f6lkerung ist unter 15 Jahre alt! Bitte beten Sie f\u00fcr diese junge, aufstrebende Generation, dass sie lernt trotz der vielen Armut,&#8230;<a class=\"excerpt-link\" href=\"https:\/\/www.focuscongo.com\/fr\/unterstuetzen\/gebet\/info\/\">continuer la lecture <span class=\"screen-reader-text\">pri\u00e8re<\/span> <span class=\"meta-nav\" aria-hidden=\"true\">\u2192<\/span><\/a><\/p>","protected":false},"author":1,"featured_media":6423,"parent":4660,"menu_order":401,"comment_status":"closed","ping_status":"closed","template":"","meta":{"footnotes":""},"folder":[60],"_links":{"self":[{"href":"https:\/\/www.focuscongo.com\/fr\/wp-json\/wp\/v2\/pages\/4664"}],"collection":[{"href":"https:\/\/www.focuscongo.com\/fr\/wp-json\/wp\/v2\/pages"}],"about":[{"href":"https:\/\/www.focuscongo.com\/fr\/wp-json\/wp\/v2\/types\/page"}],"author":[{"embeddable":true,"href":"https:\/\/www.focuscongo.com\/fr\/wp-json\/wp\/v2\/users\/1"}],"replies":[{"embeddable":true,"href":"https:\/\/www.focuscongo.com\/fr\/wp-json\/wp\/v2\/comments?post=4664"}],"version-history":[{"count":24,"href":"https:\/\/www.focuscongo.com\/fr\/wp-json\/wp\/v2\/pages\/4664\/revisions"}],"predecessor-version":[{"id":6425,"href":"https:\/\/www.focuscongo.com\/fr\/wp-json\/wp\/v2\/pages\/4664\/revisions\/6425"}],"up":[{"embeddable":true,"href":"https:\/\/www.focuscongo.com\/fr\/wp-json\/wp\/v2\/pages\/4660"}],"wp:featuredmedia":[{"embeddable":true,"href":"https:\/\/www.focuscongo.com\/fr\/wp-json\/wp\/v2\/media\/6423"}],"wp:attachment":[{"href":"https:\/\/www.focuscongo.com\/fr\/wp-json\/wp\/v2\/media?parent=4664"}],"wp:term":[{"taxonomy":"folder","embeddable":true,"href":"https:\/\/www.focuscongo.com\/fr\/wp-json\/wp\/v2\/folder?post=4664"}],"curies":[{"name":"wp","href":"https:\/\/api.w.org\/{rel}","templated":true}]}}