{"id":5067,"date":"2022-08-11T11:47:50","date_gmt":"2022-08-11T09:47:50","guid":{"rendered":"https:\/\/www.focuscongo.com\/?page_id=5067"},"modified":"2022-12-16T13:45:10","modified_gmt":"2022-12-16T12:45:10","slug":"medizinische-hilfe","status":"publish","type":"page","link":"https:\/\/www.focuscongo.com\/fr\/projekte\/medizinische-hilfe\/","title":{"rendered":"Aide m\u00e9dicale"},"content":{"rendered":"<div class=\"wp-block-group is-layout-flow wp-block-group-is-layout-flow\"><div class=\"wp-block-group__inner-container\">\n<p>Un avenir sain a besoin de personnes en bonne sant\u00e9\u00a0! Nous donnons aux patients acc\u00e8s \u00e0 des op\u00e9rations vitales et livrons des fournitures\u00a0 <a href=\"https:\/\/www.focuscongo.com\/fr\/projekte\/medizinische-hilfe\/info\/\">\u2026apprendre encore plus<\/a><\/p>\n<\/div><\/div>","protected":false},"excerpt":{"rendered":"<p>Eine gesunde Zukunft braucht gesunde Menschen! Wir erm\u00f6glichen Patienten Zugang zu lebensrettenden Operationen und liefern Hilfsg\u00fcter\u00a0 &#8230;mehr erfahren<\/p>","protected":false},"author":1,"featured_media":5421,"parent":4476,"menu_order":351,"comment_status":"closed","ping_status":"closed","template":"","meta":{"footnotes":""},"folder":[59],"_links":{"self":[{"href":"https:\/\/www.focuscongo.com\/fr\/wp-json\/wp\/v2\/pages\/5067"}],"collection":[{"href":"https:\/\/www.focuscongo.com\/fr\/wp-json\/wp\/v2\/pages"}],"about":[{"href":"https:\/\/www.focuscongo.com\/fr\/wp-json\/wp\/v2\/types\/page"}],"author":[{"embeddable":true,"href":"https:\/\/www.focuscongo.com\/fr\/wp-json\/wp\/v2\/users\/1"}],"replies":[{"embeddable":true,"href":"https:\/\/www.focuscongo.com\/fr\/wp-json\/wp\/v2\/comments?post=5067"}],"version-history":[{"count":7,"href":"https:\/\/www.focuscongo.com\/fr\/wp-json\/wp\/v2\/pages\/5067\/revisions"}],"predecessor-version":[{"id":6528,"href":"https:\/\/www.focuscongo.com\/fr\/wp-json\/wp\/v2\/pages\/5067\/revisions\/6528"}],"up":[{"embeddable":true,"href":"https:\/\/www.focuscongo.com\/fr\/wp-json\/wp\/v2\/pages\/4476"}],"wp:featuredmedia":[{"embeddable":true,"href":"https:\/\/www.focuscongo.com\/fr\/wp-json\/wp\/v2\/media\/5421"}],"wp:attachment":[{"href":"https:\/\/www.focuscongo.com\/fr\/wp-json\/wp\/v2\/media?parent=5067"}],"wp:term":[{"taxonomy":"folder","embeddable":true,"href":"https:\/\/www.focuscongo.com\/fr\/wp-json\/wp\/v2\/folder?post=5067"}],"curies":[{"name":"wp","href":"https:\/\/api.w.org\/{rel}","templated":true}]}}