{"id":5392,"date":"2022-08-18T11:46:37","date_gmt":"2022-08-18T09:46:37","guid":{"rendered":"https:\/\/www.focuscongo.com\/?page_id=5392"},"modified":"2022-12-16T13:46:00","modified_gmt":"2022-12-16T12:46:00","slug":"gemeindearbeit","status":"publish","type":"page","link":"https:\/\/www.focuscongo.com\/fr\/projekte\/gemeindearbeit\/","title":{"rendered":"Travail communautaire"},"content":{"rendered":"<div class=\"wp-block-group is-layout-flow wp-block-group-is-layout-flow\"><div class=\"wp-block-group__inner-container\">\n<p>Il y a un espoir c\u00e9leste pour le Congo ! Nous construisons le Royaume de Dieu et soutenons le travail des \u00e9glises locales en mati\u00e8re de discipulat et de mission.\u00a0 \u00a0<a href=\"https:\/\/www.focuscongo.com\/fr\/projekte\/gemeindearbeit\/info\/\">\u2026apprendre encore plus<\/a><\/p>\n<\/div><\/div>","protected":false},"excerpt":{"rendered":"<p>Es gibt himmlische Hoffnung f\u00fcr Kongo! Wir bauen Reich Gottes und unterst\u00fctzen die Arbeit lokaler Gemeinden in J\u00fcngerschaft und Mission\u00a0 \u00a0&#8230;mehr erfahren<\/p>","protected":false},"author":1,"featured_media":5447,"parent":4476,"menu_order":359,"comment_status":"closed","ping_status":"closed","template":"","meta":{"footnotes":""},"folder":[59],"_links":{"self":[{"href":"https:\/\/www.focuscongo.com\/fr\/wp-json\/wp\/v2\/pages\/5392"}],"collection":[{"href":"https:\/\/www.focuscongo.com\/fr\/wp-json\/wp\/v2\/pages"}],"about":[{"href":"https:\/\/www.focuscongo.com\/fr\/wp-json\/wp\/v2\/types\/page"}],"author":[{"embeddable":true,"href":"https:\/\/www.focuscongo.com\/fr\/wp-json\/wp\/v2\/users\/1"}],"replies":[{"embeddable":true,"href":"https:\/\/www.focuscongo.com\/fr\/wp-json\/wp\/v2\/comments?post=5392"}],"version-history":[{"count":6,"href":"https:\/\/www.focuscongo.com\/fr\/wp-json\/wp\/v2\/pages\/5392\/revisions"}],"predecessor-version":[{"id":6535,"href":"https:\/\/www.focuscongo.com\/fr\/wp-json\/wp\/v2\/pages\/5392\/revisions\/6535"}],"up":[{"embeddable":true,"href":"https:\/\/www.focuscongo.com\/fr\/wp-json\/wp\/v2\/pages\/4476"}],"wp:featuredmedia":[{"embeddable":true,"href":"https:\/\/www.focuscongo.com\/fr\/wp-json\/wp\/v2\/media\/5447"}],"wp:attachment":[{"href":"https:\/\/www.focuscongo.com\/fr\/wp-json\/wp\/v2\/media?parent=5392"}],"wp:term":[{"taxonomy":"folder","embeddable":true,"href":"https:\/\/www.focuscongo.com\/fr\/wp-json\/wp\/v2\/folder?post=5392"}],"curies":[{"name":"wp","href":"https:\/\/api.w.org\/{rel}","templated":true}]}}