{"id":6369,"date":"2022-09-04T17:10:33","date_gmt":"2022-09-04T15:10:33","guid":{"rendered":"https:\/\/www.focuscongo.com\/?page_id=6369"},"modified":"2024-03-19T13:33:29","modified_gmt":"2024-03-19T12:33:29","slug":"info","status":"publish","type":"page","link":"https:\/\/www.focuscongo.com\/fr\/unterstuetzen\/volunteer\/info\/","title":{"rendered":"Devenez b\u00e9n\u00e9vole avec nous"},"content":{"rendered":"<div data-elementor-type=\"wp-post\" data-elementor-id=\"6369\" class=\"elementor elementor-6369\" data-elementor-post-type=\"page\">\n\t\t\t\t\t\t\t\t\t<section class=\"elementor-section elementor-top-section elementor-element elementor-element-cf90f33 elementor-section-boxed elementor-section-height-default elementor-section-height-default\" data-id=\"cf90f33\" data-element_type=\"section\">\n\t\t\t\t\t\t<div class=\"elementor-container elementor-column-gap-default\">\n\t\t\t\t\t<div class=\"elementor-column elementor-col-100 elementor-top-column elementor-element elementor-element-f2fb86b\" data-id=\"f2fb86b\" data-element_type=\"column\">\n\t\t\t<div class=\"elementor-widget-wrap elementor-element-populated\">\n\t\t\t\t\t\t\t\t<div class=\"elementor-element elementor-element-1d208e4 elementor-widget elementor-widget-heading\" data-id=\"1d208e4\" data-element_type=\"widget\" data-widget_type=\"heading.default\">\n\t\t\t\t<div class=\"elementor-widget-container\">\n\t\t\t<h1 class=\"elementor-heading-title elementor-size-default\">Faites du b\u00e9n\u00e9volat avec nous <\/h1>\t\t<\/div>\n\t\t\t\t<\/div>\n\t\t\t\t<div class=\"elementor-element elementor-element-a409d29 elementor-widget elementor-widget-text-editor\" data-id=\"a409d29\" data-element_type=\"widget\" data-widget_type=\"text-editor.default\">\n\t\t\t\t<div class=\"elementor-widget-container\">\n\t\t\t\t\t\t\t<p>Nous invitons les gens du monde entier \u00e0 venir faire du b\u00e9n\u00e9volat avec nous\u00a0! Ce n&#039;est qu&#039;en \u00e9quipe et avec le peuple congolais sur le terrain que nous pouvons apporter l&#039;espoir et cr\u00e9er un avenir radieux que la RDC et son peuple m\u00e9ritent.\u00a0<\/p>\t\t\t\t\t\t<\/div>\n\t\t\t\t<\/div>\n\t\t\t\t<div class=\"elementor-element elementor-element-5fb37a8 elementor-widget elementor-widget-heading\" data-id=\"5fb37a8\" data-element_type=\"widget\" data-widget_type=\"heading.default\">\n\t\t\t\t<div class=\"elementor-widget-container\">\n\t\t\t<h2 class=\"elementor-heading-title elementor-size-default\">Comment puis-je postuler ?<\/h2>\t\t<\/div>\n\t\t\t\t<\/div>\n\t\t\t\t\t<\/div>\n\t\t<\/div>\n\t\t\t\t\t\t\t<\/div>\n\t\t<\/section>\n\t\t<div class=\"elementor-element elementor-element-973191f e-grid e-con-boxed e-con e-parent\" data-id=\"973191f\" data-element_type=\"container\" data-settings=\"{&quot;container_type&quot;:&quot;grid&quot;,&quot;grid_columns_grid&quot;:{&quot;unit&quot;:&quot;fr&quot;,&quot;size&quot;:&quot;2&quot;,&quot;sizes&quot;:[]},&quot;grid_rows_grid&quot;:{&quot;unit&quot;:&quot;fr&quot;,&quot;size&quot;:&quot;1&quot;,&quot;sizes&quot;:[]},&quot;grid_rows_grid_mobile&quot;:{&quot;unit&quot;:&quot;fr&quot;,&quot;size&quot;:&quot;1&quot;,&quot;sizes&quot;:[]},&quot;content_width&quot;:&quot;boxed&quot;,&quot;grid_outline&quot;:&quot;yes&quot;,&quot;grid_columns_grid_tablet&quot;:{&quot;unit&quot;:&quot;fr&quot;,&quot;size&quot;:&quot;&quot;,&quot;sizes&quot;:[]},&quot;grid_columns_grid_mobile&quot;:{&quot;unit&quot;:&quot;fr&quot;,&quot;size&quot;:1,&quot;sizes&quot;:[]},&quot;grid_rows_grid_tablet&quot;:{&quot;unit&quot;:&quot;fr&quot;,&quot;size&quot;:&quot;&quot;,&quot;sizes&quot;:[]},&quot;grid_auto_flow&quot;:&quot;row&quot;,&quot;grid_auto_flow_tablet&quot;:&quot;row&quot;,&quot;grid_auto_flow_mobile&quot;:&quot;row&quot;}\" data-core-v316-plus=\"true\">\n\t\t\t\t\t<div class=\"e-con-inner\">\n\t\t\t\t<div class=\"elementor-element elementor-element-9484da1 elementor-icon-list--layout-traditional elementor-list-item-link-full_width elementor-widget elementor-widget-icon-list\" data-id=\"9484da1\" data-element_type=\"widget\" data-widget_type=\"icon-list.default\">\n\t\t\t\t<div class=\"elementor-widget-container\">\n\t\t\t\t\t<ul class=\"elementor-icon-list-items\">\n\t\t\t\t\t\t\t<li class=\"elementor-icon-list-item\">\n\t\t\t\t\t\t\t\t\t\t\t<span class=\"elementor-icon-list-icon\">\n\t\t\t\t\t\t\t<i aria-hidden=\"true\" class=\"fas fa-file-download\"><\/i>\t\t\t\t\t\t<\/span>\n\t\t\t\t\t\t\t\t\t\t<span class=\"elementor-icon-list-text\">T\u00e9l\u00e9chargez le questionnaire des b\u00e9n\u00e9voles<\/span>\n\t\t\t\t\t\t\t\t\t<\/li>\n\t\t\t\t\t\t\t\t<li class=\"elementor-icon-list-item\">\n\t\t\t\t\t\t\t\t\t\t\t<span class=\"elementor-icon-list-icon\">\n\t\t\t\t\t\t\t<i aria-hidden=\"true\" class=\"fas fa-paper-plane\"><\/i>\t\t\t\t\t\t<\/span>\n\t\t\t\t\t\t\t\t\t\t<span class=\"elementor-icon-list-text\">Envoyez-nous le Questionnaire + un court CV \u00e0 info@focuscongo.com<\/span>\n\t\t\t\t\t\t\t\t\t<\/li>\n\t\t\t\t\t\t\t\t<li class=\"elementor-icon-list-item\">\n\t\t\t\t\t\t\t\t\t\t\t<span class=\"elementor-icon-list-icon\">\n\t\t\t\t\t\t\t<i aria-hidden=\"true\" class=\"fas fa-comments\"><\/i>\t\t\t\t\t\t<\/span>\n\t\t\t\t\t\t\t\t\t\t<span class=\"elementor-icon-list-text\">Nous ferons connaissance lors d&#039;un appel vid\u00e9o<\/span>\n\t\t\t\t\t\t\t\t\t<\/li>\n\t\t\t\t\t\t<\/ul>\n\t\t\t\t<\/div>\n\t\t\t\t<\/div>\n\t\t\t\t<div class=\"elementor-element elementor-element-86a6d61 elementor-align-center elementor-widget elementor-widget-button\" data-id=\"86a6d61\" data-element_type=\"widget\" data-widget_type=\"button.default\">\n\t\t\t\t<div class=\"elementor-widget-container\">\n\t\t\t\t\t<div class=\"elementor-button-wrapper\">\n\t\t\t<a class=\"elementor-button elementor-button-link elementor-size-lg\" href=\"https:\/\/www.focuscongo.com\/wp-content\/uploads\/2024\/03\/01_Volunteer-Questionnaire.pdf\">\n\t\t\t\t\t\t<span class=\"elementor-button-content-wrapper\">\n\t\t\t\t\t\t<span class=\"elementor-button-icon elementor-align-icon-left\">\n\t\t\t\t<i aria-hidden=\"true\" class=\"fas fa-file-download\"><\/i>\t\t\t<\/span>\n\t\t\t\t\t\t<span class=\"elementor-button-text\">Questionnaire des b\u00e9n\u00e9voles<\/span>\n\t\t<\/span>\n\t\t\t\t\t<\/a>\n\t\t<\/div>\n\t\t\t\t<\/div>\n\t\t\t\t<\/div>\n\t\t\t\t\t<\/div>\n\t\t\t\t<\/div>\n\t\t\t\t\t\t\t<\/div>","protected":false},"excerpt":{"rendered":"<p>Volunteer with Us We welcome people from all over to world to come volunteer with us! Only as a team and together with the Congolese people on the ground we can bring hope and create a radiant future the DRC and its people deserve.\u00a0 How do I apply? Download the Volunteer Questionnaire Send us the&#8230;<a class=\"excerpt-link\" href=\"https:\/\/www.focuscongo.com\/fr\/unterstuetzen\/volunteer\/info\/\">continuer la lecture <span class=\"screen-reader-text\">Devenez b\u00e9n\u00e9vole avec nous<\/span> <span class=\"meta-nav\" aria-hidden=\"true\">\u2192<\/span><\/a><\/p>","protected":false},"author":1,"featured_media":6418,"parent":6365,"menu_order":401,"comment_status":"closed","ping_status":"closed","template":"","meta":{"footnotes":""},"folder":[60],"_links":{"self":[{"href":"https:\/\/www.focuscongo.com\/fr\/wp-json\/wp\/v2\/pages\/6369"}],"collection":[{"href":"https:\/\/www.focuscongo.com\/fr\/wp-json\/wp\/v2\/pages"}],"about":[{"href":"https:\/\/www.focuscongo.com\/fr\/wp-json\/wp\/v2\/types\/page"}],"author":[{"embeddable":true,"href":"https:\/\/www.focuscongo.com\/fr\/wp-json\/wp\/v2\/users\/1"}],"replies":[{"embeddable":true,"href":"https:\/\/www.focuscongo.com\/fr\/wp-json\/wp\/v2\/comments?post=6369"}],"version-history":[{"count":27,"href":"https:\/\/www.focuscongo.com\/fr\/wp-json\/wp\/v2\/pages\/6369\/revisions"}],"predecessor-version":[{"id":7818,"href":"https:\/\/www.focuscongo.com\/fr\/wp-json\/wp\/v2\/pages\/6369\/revisions\/7818"}],"up":[{"embeddable":true,"href":"https:\/\/www.focuscongo.com\/fr\/wp-json\/wp\/v2\/pages\/6365"}],"wp:featuredmedia":[{"embeddable":true,"href":"https:\/\/www.focuscongo.com\/fr\/wp-json\/wp\/v2\/media\/6418"}],"wp:attachment":[{"href":"https:\/\/www.focuscongo.com\/fr\/wp-json\/wp\/v2\/media?parent=6369"}],"wp:term":[{"taxonomy":"folder","embeddable":true,"href":"https:\/\/www.focuscongo.com\/fr\/wp-json\/wp\/v2\/folder?post=6369"}],"curies":[{"name":"wp","href":"https:\/\/api.w.org\/{rel}","templated":true}]}}