{"id":6397,"date":"2022-09-04T21:26:29","date_gmt":"2022-09-04T19:26:29","guid":{"rendered":"https:\/\/www.focuscongo.com\/?page_id=6397"},"modified":"2022-09-05T07:03:19","modified_gmt":"2022-09-05T05:03:19","slug":"foerderer","status":"publish","type":"page","link":"https:\/\/www.focuscongo.com\/fr\/unterstuetzen\/foerderer\/","title":{"rendered":"Devenez parrain"},"content":{"rendered":"<p>Nous recherchons des sponsors qui soutiendront r\u00e9guli\u00e8rement notre travail. C&#039;est la seule fa\u00e7on pour nous de planifier nos projets \u00e0 long terme et de mani\u00e8re durable... <a href=\"https:\/\/www.focuscongo.com\/fr\/unterstuetzen\/foerdermitglied-werden\/info\/\">apprendre encore plus<\/a><\/p>","protected":false},"excerpt":{"rendered":"<p>Wir suchen nach F\u00f6rderern, die unsere Arbeit regelm\u00e4\u00dfig unterst\u00fctzen. Nur so k\u00f6nnen wir unsere Projekte langfristig und nachhaltig planen&#8230; mehr erfahren<\/p>","protected":false},"author":1,"featured_media":6422,"parent":5031,"menu_order":410,"comment_status":"closed","ping_status":"closed","template":"","meta":{"footnotes":""},"folder":[60],"_links":{"self":[{"href":"https:\/\/www.focuscongo.com\/fr\/wp-json\/wp\/v2\/pages\/6397"}],"collection":[{"href":"https:\/\/www.focuscongo.com\/fr\/wp-json\/wp\/v2\/pages"}],"about":[{"href":"https:\/\/www.focuscongo.com\/fr\/wp-json\/wp\/v2\/types\/page"}],"author":[{"embeddable":true,"href":"https:\/\/www.focuscongo.com\/fr\/wp-json\/wp\/v2\/users\/1"}],"replies":[{"embeddable":true,"href":"https:\/\/www.focuscongo.com\/fr\/wp-json\/wp\/v2\/comments?post=6397"}],"version-history":[{"count":5,"href":"https:\/\/www.focuscongo.com\/fr\/wp-json\/wp\/v2\/pages\/6397\/revisions"}],"predecessor-version":[{"id":6436,"href":"https:\/\/www.focuscongo.com\/fr\/wp-json\/wp\/v2\/pages\/6397\/revisions\/6436"}],"up":[{"embeddable":true,"href":"https:\/\/www.focuscongo.com\/fr\/wp-json\/wp\/v2\/pages\/5031"}],"wp:featuredmedia":[{"embeddable":true,"href":"https:\/\/www.focuscongo.com\/fr\/wp-json\/wp\/v2\/media\/6422"}],"wp:attachment":[{"href":"https:\/\/www.focuscongo.com\/fr\/wp-json\/wp\/v2\/media?parent=6397"}],"wp:term":[{"taxonomy":"folder","embeddable":true,"href":"https:\/\/www.focuscongo.com\/fr\/wp-json\/wp\/v2\/folder?post=6397"}],"curies":[{"name":"wp","href":"https:\/\/api.w.org\/{rel}","templated":true}]}}