{"id":4453,"date":"2022-05-16T13:57:57","date_gmt":"2022-05-16T11:57:57","guid":{"rendered":"http:\/\/www.focuscongo.com\/?post_type=product&#038;p=4453"},"modified":"2022-05-30T09:41:38","modified_gmt":"2022-05-30T07:41:38","slug":"flieh-mein-sohn","status":"publish","type":"product","link":"https:\/\/www.focuscongo.com\/fr\/shop\/flieh-mein-sohn\/","title":{"rendered":"Fuis, mon fils !"},"content":{"rendered":"<p>A propos de l&#039;auteur:<\/p>\n<p>Enfant, Pappy a v\u00e9cu la guerre dans son pays, la R\u00e9publique d\u00e9mocratique du Congo, et a \u00e9chapp\u00e9 au recrutement forc\u00e9 comme enfants soldats. Son \u00e9vasion s&#039;est termin\u00e9e apr\u00e8s 6 000 kilom\u00e8tres dans les rues du Cap. Il a trouv\u00e9 le pardon, la gu\u00e9rison et la paix dans la rencontre avec Dieu, ce qui a chang\u00e9 sa vie. Il a \u00e9tudi\u00e9 le cin\u00e9ma et les m\u00e9dias afin de raconter des histoires d&#039;espoir en tant que cin\u00e9aste passionn\u00e9 aujourd&#039;hui. Son engagement a d\u00e9j\u00e0 \u00e9t\u00e9 r\u00e9compens\u00e9 par des prix dans son pays d&#039;origine.<\/p>\n<p>Informations sur le livre :<\/p>\n<p>\u00c9diteur : SCM H\u00e4nssler; 1\u00e8re \u00e9dition (1er septembre 2022), couverture rigide<br \/>\nLangue : Allemand<br \/>\nISBN-10\u00a0:\u00a03775160957<br \/>\nISBN-13\u00a0: 978-3775160957<\/p>","protected":false},"excerpt":{"rendered":"<p>Lisez la biographie passionnante de notre fondateur Pappy Orion !<\/p>\n<p>Als der B\u00fcrgerkrieg im Kongo ausbricht, beherrschen Chaos und Verw\u00fcstung das Land, und Rebellengruppen rekrutieren Kindersoldaten f\u00fcr ihre K\u00e4mpfe. Pappys Eltern sehen keine Wahl: Sie beschlie\u00dfen, ihn wegzuschicken. Heimlich, fr\u00fch morgens. Auf eine Reise ins Ungewisse. Allein. Mit riesengro\u00dfer Angst im Gep\u00e4ck und Gefahr als st\u00e4ndigem Begleiter. Nach Jahren auf der Flucht wird er eingeholt: von der unendlichen Liebe Gottes, die sein Leben radikal ver\u00e4ndert. Als er die Stra\u00dfe seine Heimat nennt, findet er sein Zuhause bei Gott und seine Berufung&#8230;.<a class=\"excerpt-link\" href=\"https:\/\/www.focuscongo.com\/fr\/shop\/flieh-mein-sohn\/\">continuer la lecture <span class=\"screen-reader-text\">Fuis, mon fils !<\/span> <span class=\"meta-nav\" aria-hidden=\"true\">\u2192<\/span><\/a><\/p>","protected":false},"featured_media":4456,"template":"","meta":[],"_links":{"self":[{"href":"https:\/\/www.focuscongo.com\/fr\/wp-json\/wp\/v2\/product\/4453"}],"collection":[{"href":"https:\/\/www.focuscongo.com\/fr\/wp-json\/wp\/v2\/product"}],"about":[{"href":"https:\/\/www.focuscongo.com\/fr\/wp-json\/wp\/v2\/types\/product"}],"wp:featuredmedia":[{"embeddable":true,"href":"https:\/\/www.focuscongo.com\/fr\/wp-json\/wp\/v2\/media\/4456"}],"wp:attachment":[{"href":"https:\/\/www.focuscongo.com\/fr\/wp-json\/wp\/v2\/media?parent=4453"}],"curies":[{"name":"wp","href":"https:\/\/api.w.org\/{rel}","templated":true}]}}